{"id":5,"date":"2020-01-13T11:17:52","date_gmt":"2020-01-13T11:17:52","guid":{"rendered":"https:\/\/demosites.io\/marketing-agency-gb\/?page_id=5"},"modified":"2026-02-19T15:47:56","modified_gmt":"2026-02-19T18:47:56","slug":"inicio-3","status":"publish","type":"page","link":"https:\/\/sapra.org\/","title":{"rendered":"S-Inicio"},"content":{"rendered":"\n<div style=\"height:40px\" aria-hidden=\"true\" class=\"wp-block-spacer\"><\/div>\n\n\n\n<div class=\"wp-block-columns is-layout-flex wp-container-core-columns-is-layout-9d6595d7 wp-block-columns-is-layout-flex\">\n<div class=\"wp-block-column neve-duotone is-layout-flow wp-block-column-is-layout-flow\" style=\"padding-right:var(--wp--preset--spacing--30);padding-left:var(--wp--preset--spacing--30)\"><div class=\"wp-block-image icon-style is-style-default wp-duotone-unset-1\">\n<figure class=\"aligncenter size-full has-custom-border\"><a href=\"https:\/\/sapra.org\/index.php\/asesoria-legal\/\"><img loading=\"lazy\" decoding=\"async\" width=\"60\" height=\"60\" src=\"https:\/\/sapra.org\/wp-content\/uploads\/2024\/07\/neve-marketing-icon-8.1.png\" alt=\"\" class=\"wp-image-937\" style=\"border-radius:0px\" title=\"\"\/><\/a><\/figure>\n<\/div>\n\n\n<div style=\"height:16px\" aria-hidden=\"true\" class=\"wp-block-spacer\"><\/div>\n\n\n\n<h3 class=\"wp-block-heading has-text-align-center has-neve-text-color-color has-text-color\">Asesor\u00eda Legal<\/h3>\n\n\n\n<blockquote class=\"wp-block-quote is-layout-flow wp-block-quote-is-layout-flow\">\n<p><\/p>\n<\/blockquote>\n<\/div>\n\n\n\n<div class=\"wp-block-column is-layout-flow wp-block-column-is-layout-flow\" style=\"padding-right:var(--wp--preset--spacing--30);padding-left:var(--wp--preset--spacing--30)\"><div class=\"wp-block-image icon-style is-style-default\">\n<figure class=\"aligncenter size-full has-custom-border\"><img loading=\"lazy\" decoding=\"async\" width=\"60\" height=\"60\" src=\"https:\/\/sapra.org\/wp-content\/uploads\/2024\/07\/neve-marketing-icon-4.1.png\" alt=\"\" class=\"wp-image-933\" style=\"border-radius:0px\" title=\"\"\/><\/figure>\n<\/div>\n\n\n<div style=\"height:16px\" aria-hidden=\"true\" class=\"wp-block-spacer\"><\/div>\n\n\n\n<h3 class=\"wp-block-heading has-text-align-center has-neve-text-color-color has-text-color\">Ecommerce<\/h3>\n\n\n\n<div style=\"height:20px\" aria-hidden=\"true\" class=\"wp-block-spacer\"><\/div>\n<\/div>\n\n\n\n<div class=\"wp-block-column is-layout-flow wp-block-column-is-layout-flow\" style=\"padding-right:var(--wp--preset--spacing--30);padding-left:var(--wp--preset--spacing--30)\"><div class=\"wp-block-image icon-style is-style-default wp-duotone-unset-2\">\n<figure class=\"aligncenter size-full has-custom-border\"><a href=\"https:\/\/sapra.org\/index.php\/boletin\/\"><img loading=\"lazy\" decoding=\"async\" width=\"60\" height=\"60\" src=\"https:\/\/sapra.org\/wp-content\/uploads\/2024\/07\/neve-marketing-icon-10.png\" alt=\"\" class=\"wp-image-936\" style=\"border-radius:0px\" title=\"\"\/><\/a><\/figure>\n<\/div>\n\n\n<div style=\"height:16px\" aria-hidden=\"true\" class=\"wp-block-spacer\"><\/div>\n\n\n\n<h3 class=\"wp-block-heading has-text-align-center has-neve-text-color-color has-text-color\">Boletin<\/h3>\n\n\n\n<div style=\"height:20px\" aria-hidden=\"true\" class=\"wp-block-spacer\"><\/div>\n<\/div>\n<\/div>\n\n\n\n<div class=\"wp-block-themeisle-blocks-modal\"><\/div>\n\n\n\n<hr class=\"wp-block-separator has-alpha-channel-opacity\"\/>\n\n\n\n<figure class=\"wp-block-image size-large\"><a href=\"https:\/\/sapra.org\/index.php\/catalogo-escolar\/\"><img loading=\"lazy\" decoding=\"async\" width=\"724\" height=\"1024\" src=\"https:\/\/sapra.org\/wp-content\/uploads\/2026\/01\/Catalogo-Escolar-724x1024.jpg\" alt=\"\" class=\"wp-image-1750\" srcset=\"https:\/\/sapra.org\/wp-content\/uploads\/2026\/01\/Catalogo-Escolar-724x1024.jpg 724w, https:\/\/sapra.org\/wp-content\/uploads\/2026\/01\/Catalogo-Escolar-212x300.jpg 212w, https:\/\/sapra.org\/wp-content\/uploads\/2026\/01\/Catalogo-Escolar-768x1086.jpg 768w, https:\/\/sapra.org\/wp-content\/uploads\/2026\/01\/Catalogo-Escolar-1086x1536.jpg 1086w, https:\/\/sapra.org\/wp-content\/uploads\/2026\/01\/Catalogo-Escolar.jpg 1414w\" sizes=\"auto, (max-width: 724px) 100vw, 724px\" \/><\/a><\/figure>\n\n\n\n<hr class=\"wp-block-separator has-alpha-channel-opacity\"\/>\n\n\n\n<blockquote class=\"wp-block-quote is-layout-flow wp-block-quote-is-layout-flow\">\n<p class=\"has-text-align-center has-headings-color has-text-color has-link-color has-large-font-size wp-elements-d24d454693908bc60c548be930775c39\">Se viralizo un post en redes: <\/p>\n\n\n\n<p class=\"has-text-align-center has-headings-color has-text-color has-link-color has-large-font-size wp-elements-8019169a1766c86c5684a06e085156c0\">\u00abQUE SIN MATRICULACI\u00d3N OBLIGATORIA NO HAY COLEGIACI\u00d3N\u00bb.<\/p>\n\n\n\n<p class=\"has-text-align-left has-headings-color has-text-color has-link-color wp-elements-6438629f96aeccb7ed922620883249e4\">\u00bfCu\u00e1les fueron las respuestas de los colegas? muchos comentarios adversos. Te dejo el link en <a href=\"https:\/\/sapra.org\/index.php\/comentarios\/\">comentario <\/a> para que lo mires..<\/p>\n\n\n\n<p class=\"has-text-align-left has-headings-color has-text-color has-link-color wp-elements-cdffad5b18a419e0e883490d594b6a2d\">Preguntate: \u00bfPorqu\u00e9 todos los Colegios de Abogados de Argentina defienden esta postura? <\/p>\n\n\n\n<p class=\"has-headings-color has-text-color has-link-color wp-elements-e5856e23cdefffb57cf604fd4aac1060\">Ahora, tend en cuenta que el Colegio P\u00fablico de Abogados de la Capital Federal llama a elecciones a sus matriculados en 2026. Se renueva la gesti\u00f3n presidencial y con ella la postura que tomar\u00e1 el colegio frente a la defensa de los derechos de sus matriculados. <\/p>\n\n\n\n<p class=\"has-headings-color has-text-color has-link-color wp-elements-48bfd452554d6c4009272fbb0f02062f\">Desde hace d\u00e9cadas, que en todas las elecciones te muestran la opci\u00f3n del cambio como alternativa de que la gesti\u00f3n actual es merecedora de tu voto. Pero actualmente con la inserci\u00f3n de la tecnolog\u00eda cambiante, todo se publica y viraliza en redes. <\/p>\n\n\n\n<p class=\"has-text-align-left has-headings-color has-text-color has-link-color wp-elements-597ce0af450042574c7315a1155f00ef\">Como podr\u00e1s observar, los mismos que te defienden la matricula colegial son los que reencarnan un nuevo SLOGAN: <\/p>\n\n\n\n<p class=\"has-text-align-center has-headings-color has-text-color has-link-color has-large-font-size wp-elements-7b9740778202ead8d5713361d49e5dcc\">\u00abDESREGULACI\u00d3N DE LA MATRICULA OBLIGATORIA COLEGIAL\u00bb<\/p>\n\n\n\n<p class=\"has-text-align-left has-headings-color has-text-color has-link-color wp-elements-9fbb80a2d2ea6ebb455edda99493d9a9\">PREGUNTATE: \u00bfA qu\u00e9 audiencia quieren llegar?. Como ver\u00e1s en el post de instagram de estos colegas, los comentarios siguen siendo adversos. Pero los garantistas de la colegiaci\u00f3n, buscan convencerte en las urnas, que le des el voto y solo una vez en el poder, podr\u00e1n llevar a cabo la desregulaci\u00f3n de la matricula obligatoria.<\/p>\n\n\n\n<p class=\"has-text-align-left has-headings-color has-text-color has-link-color wp-elements-db5017ad456074db32aa2ff6ca087473\">Pero \u00bfQu\u00e9 hay de certeza en esa convicci\u00f3n politica colegial?, o ser\u00e1 que solo buscan tu voto para continuar por un periodo m\u00e1s. Porque no esta muy clara la propuesta, ya que seguidamente expusieron que lo mejor era PROPONER una NUEVA ADMINISTRACI\u00d3N COLEGIAL donde el cobro de la matricula sea m\u00e1s baja. <\/p>\n\n\n\n<p class=\"has-headings-color has-text-color has-link-color wp-elements-0703e0dec4aec5d2c22c0c6a67df8558\">Cotizar la matricula colegial en baja no es igual que desregularla y\/o eliminarla. Entonces, vemos que la propuesta se cae. <\/p>\n<\/blockquote>\n\n\n\n<p class=\"has-headings-color has-text-color has-link-color wp-elements-5e66d8a7ea2a10a3d1b718470210749b\">Los colegios seguir\u00e1n siempre defendiendo su obligatoriedad por la sola raz\u00f3n de mantener el funcionamiento edilicio y empleados.  <\/p>\n\n\n\n<p class=\"has-headings-color has-text-color has-link-color wp-elements-66ebed88c92982d5392c21d14c4010fe\">Desde nuestra postura solo vemos como los colegios defienden a Magistrados y funcionarios del Poder Judicial por encima de sus matriculados. Dejemos de romantizar que los colegios de abogados son  gremios, porque no lo son. <\/p>\n\n\n\n<p class=\"has-text-align-center has-text-color has-link-color has-large-font-size wp-elements-464526c40ad6d9c3517409ece9641471\" style=\"color:#f26f1f\"><strong>Somos el \u00fanico gremio de Abogados que defiende tus derechos: <\/strong><\/p>\n\n\n\n<p class=\"has-text-align-center has-text-color has-link-color has-large-font-size wp-elements-48542059f735c18bf92ad5e7e1f40263\" style=\"color:#f4883b\"><strong>\u00abTu defensa es nuestra prioridad, tu voz es nuestra gu\u00eda\u00bb<\/strong><\/p>\n\n\n\n<p class=\"has-text-align-center has-text-color has-link-color has-larger-font-size wp-elements-07aca571a8af647558637516b2fb868b\" style=\"color:#f5050d\">\u00a1LEVANTA TU VOZ Y \u00daNETE A NUESTRA COMUNIDAD!<\/p>\n","protected":false},"excerpt":{"rendered":"<p>Asesor\u00eda Legal Ecommerce Boletin Se viralizo un post en redes: \u00abQUE SIN MATRICULACI\u00d3N OBLIGATORIA NO HAY COLEGIACI\u00d3N\u00bb. \u00bfCu\u00e1les fueron las respuestas de los colegas? muchos<span class=\"excerpt-fade\"><\/span><\/p>\n","protected":false},"author":1,"featured_media":0,"parent":0,"menu_order":0,"comment_status":"closed","ping_status":"closed","template":"","meta":{"_themeisle_gutenberg_block_has_review":false,"_ti_tpc_template_sync":false,"_ti_tpc_template_id":"5udqur826ojgsxrmsxsc","footnotes":""},"class_list":["post-5","page","type-page","status-publish","hentry"],"_links":{"self":[{"href":"https:\/\/sapra.org\/index.php\/wp-json\/wp\/v2\/pages\/5","targetHints":{"allow":["GET"]}}],"collection":[{"href":"https:\/\/sapra.org\/index.php\/wp-json\/wp\/v2\/pages"}],"about":[{"href":"https:\/\/sapra.org\/index.php\/wp-json\/wp\/v2\/types\/page"}],"author":[{"embeddable":true,"href":"https:\/\/sapra.org\/index.php\/wp-json\/wp\/v2\/users\/1"}],"replies":[{"embeddable":true,"href":"https:\/\/sapra.org\/index.php\/wp-json\/wp\/v2\/comments?post=5"}],"version-history":[{"count":36,"href":"https:\/\/sapra.org\/index.php\/wp-json\/wp\/v2\/pages\/5\/revisions"}],"predecessor-version":[{"id":1797,"href":"https:\/\/sapra.org\/index.php\/wp-json\/wp\/v2\/pages\/5\/revisions\/1797"}],"wp:attachment":[{"href":"https:\/\/sapra.org\/index.php\/wp-json\/wp\/v2\/media?parent=5"}],"curies":[{"name":"wp","href":"https:\/\/api.w.org\/{rel}","templated":true}]}}