{"id":1641,"date":"2025-12-13T09:30:32","date_gmt":"2025-12-13T12:30:32","guid":{"rendered":"https:\/\/sapra.org\/?page_id=1641"},"modified":"2025-12-13T09:30:32","modified_gmt":"2025-12-13T12:30:32","slug":"comentarios","status":"publish","type":"page","link":"https:\/\/sapra.org\/index.php\/comentarios\/","title":{"rendered":"Comentarios"},"content":{"rendered":"\n<p class=\"has-text-align-center has-headings-color has-text-color has-link-color wp-elements-1dd1510c451661347f0507f9c8c5a1b3\">Lo que arrastra la Reforma Laboral&#8230;<\/p>\n\n\n<div class=\"wp-block-image\">\n<figure class=\"aligncenter size-full\"><img loading=\"lazy\" decoding=\"async\" width=\"516\" height=\"551\" src=\"https:\/\/sapra.org\/wp-content\/uploads\/2025\/12\/IMG-20251213-WA0000.jpg\" alt=\"\" class=\"wp-image-1642\" srcset=\"https:\/\/sapra.org\/wp-content\/uploads\/2025\/12\/IMG-20251213-WA0000.jpg 516w, https:\/\/sapra.org\/wp-content\/uploads\/2025\/12\/IMG-20251213-WA0000-281x300.jpg 281w\" sizes=\"auto, (max-width: 516px) 100vw, 516px\" \/><\/figure>\n<\/div>\n\n\n<p class=\"has-headings-color has-text-color has-link-color wp-elements-a566dbb122e67112222772b4b6e106e2\">Los colegas se han expresado:<\/p>\n\n\n\n<p class=\"has-accent-2-color has-text-color has-link-color wp-elements-9e5b8d17f90f3197eb38bdd40550089d\"><a href=\"https:\/\/www.facebook.com\/barbaracarolina.varela.9?comment_id=Y29tbWVudDoxMDIyOTQ0Mzc2NjE0Nzk0NV84MDA0NTY5MzYyODQ3NTE%3D&amp;__cft__[0]=AZYJNlPa1XQrUeRVjCzFZWUcmarkJZu1TNYuFxKfDyQ5-FdfzyQlBLCEd9XPXWX9gAiWRypgv08CsDEC0FM3ttEtCbL9T1G4bOatNUqW5hX2pReXLkRBnBogoZByG2YtxtF1MzZ3eXZfJL1K0AoOMVAgTOUzrOwlT8nzwxX82qLR4Q&amp;__tn__=R]-R\">Barbara Carolina Varela<\/a><\/p>\n\n\n\n<p class=\"has-headings-color has-text-color has-link-color wp-elements-7e9fe87bd3452360ae272959461f3b82\">\u00abMi t\u00edtulo mi esfuerzo. La matr\u00edcula un robo solo para beneficiar a los que est\u00e1n en el colegio de abogados, pedis ayuda y nada, al contrario te hacen juicios de apremios con intereses usureros una verg\u00fcenza.Yo no estudi\u00e9 para una matr\u00edcula sino para tener una profesi\u00f3n y poder ejercerla libremente. Sin condicionamiento que si lo llego a pagar la matr\u00edcula no puedo ejercer. Donde estoy matr\u00edcula no te dan ni un beneficio. El beneficio es para los mismo de siempre que est\u00e1n haces a\u00f1os pas\u00e1ndose los cargos y te usan para las elecciones, prometen cosas y no cumple y lo sabes porque vos fuiste parte del calz (se refiere al colega que posteo) en pandemia que ayuda tuvimos al contrario los que presentaron amparos ante la justicia para poder salir a trabajar les eran negados por qu\u00e9 los colegios tienen a sus amiguitos jueces y nos fallaban en contra nadie nos defiende una verg\u00fcenza y ojal\u00e1 valla por la caja de previsi\u00f3n social otro robo\u00bb.-<\/p>\n\n\n\n<p class=\"has-accent-2-color has-text-color has-link-color wp-elements-0cbaa6feb838f4c2b952a4c2dad5b8b6\"><a href=\"https:\/\/www.facebook.com\/gerardo.ruizdiaz.14?comment_id=Y29tbWVudDoxMDIyOTQ0Mzc2NjE0Nzk0NV8yMDU0Nzg0NjI1MzYwOTk2&amp;__cft__[0]=AZYJNlPa1XQrUeRVjCzFZWUcmarkJZu1TNYuFxKfDyQ5-FdfzyQlBLCEd9XPXWX9gAiWRypgv08CsDEC0FM3ttEtCbL9T1G4bOatNUqW5hX2pReXLkRBnBogoZByG2YtxtF1MzZ3eXZfJL1K0AoOMVAgTOUzrOwlT8nzwxX82qLR4Q&amp;__tn__=R]-R\">Gerardo Ruiz Diaz<\/a><\/p>\n\n\n\n<p class=\"has-headings-color has-text-color has-link-color wp-elements-77ff2f4be31592e5c431ad0a12bda7ac\">\u00abSeguramente habr\u00e1 que matricularse en alg\u00fan Ministerio ,convengamos que los Colegios de Abogados son sindicatos ning\u00fan beneficio traen y no solo eso sino que en algunos Colegios te piden avales ,\u00bfQue es eso?,la Facultad es quien te avala se le da m\u00e1s importancia a la matriculaci\u00f3n que al Titulo Universitario,una verg\u00fcenza y en Provincia peor ,les dicen falla de Google porque haces click y salta un Dinosaurio\u00bb.-<\/p>\n\n\n\n<p class=\"has-accent-2-color has-text-color has-link-color wp-elements-2b28747a4e07eafa92dc4387fb220787\"><a href=\"https:\/\/www.facebook.com\/betina.correademelo?comment_id=Y29tbWVudDoxMDIyOTQ0Mzc2NjE0Nzk0NV8xNjE1OTg2NTIyNzAwNzE4&amp;__cft__[0]=AZYJNlPa1XQrUeRVjCzFZWUcmarkJZu1TNYuFxKfDyQ5-FdfzyQlBLCEd9XPXWX9gAiWRypgv08CsDEC0FM3ttEtCbL9T1G4bOatNUqW5hX2pReXLkRBnBogoZByG2YtxtF1MzZ3eXZfJL1K0AoOMVAgTOUzrOwlT8nzwxX82qLR4Q&amp;__tn__=R]-R\">Correa De Melo Betina<\/a><\/p>\n\n\n\n<p class=\"has-headings-color has-text-color has-link-color wp-elements-316f1097957547f57f06e86a9d6a9771\">\u00ab<a href=\"https:\/\/www.facebook.com\/gerardo.ruizdiaz.14?__cft__[0]=AZYJNlPa1XQrUeRVjCzFZWUcmarkJZu1TNYuFxKfDyQ5-FdfzyQlBLCEd9XPXWX9gAiWRypgv08CsDEC0FM3ttEtCbL9T1G4bOatNUqW5hX2pReXLkRBnBogoZByG2YtxtF1MzZ3eXZfJL1K0AoOMVAgTOUzrOwlT8nzwxX82qLR4Q&amp;__tn__=R]-R\">Gerardo Ruiz Diaz<\/a>&nbsp;comparto colega. Desde hace unos 15 a\u00f1os el colegio en Caba se convirti\u00f3 en un gremio simulando una mutual, ya sabemos que significa esto. Mientras pasan los gobiernos, todo se acomoda seg\u00fan la conveniencia de quienes est\u00e1n dirigiendo incluso el CPACF. No es verdad que hayan beneficios, que tengan que avanzar con por ejemplo hacernos m\u00e1s f\u00e1cil, pagar el bono, etc, era parte de la modernizaci\u00f3n que hac\u00eda falta. No tenemos que pagar para que un c\u00famulo de matriculados digan que hacen algo por los dem\u00e1s que pagamos\u00bb.<\/p>\n\n\n\n<p class=\"has-accent-2-color has-text-color has-link-color wp-elements-ccc210d280dc85f4cf4e50e9426a7a0d\"><a href=\"https:\/\/www.facebook.com\/albertoandresrodriguez?comment_id=Y29tbWVudDoxMDIyOTQ0Mzc2NjE0Nzk0NV8yNTg3NTU4OTA1ODY5MTk1MQ%3D%3D&amp;__cft__[0]=AZYJNlPa1XQrUeRVjCzFZWUcmarkJZu1TNYuFxKfDyQ5-FdfzyQlBLCEd9XPXWX9gAiWRypgv08CsDEC0FM3ttEtCbL9T1G4bOatNUqW5hX2pReXLkRBnBogoZByG2YtxtF1MzZ3eXZfJL1K0AoOMVAgTOUzrOwlT8nzwxX82qLR4Q&amp;__tn__=R]-R\">Alberto Andr\u00e9s Rodr\u00edguez<\/a><\/p>\n\n\n\n<p class=\"has-headings-color has-text-color has-link-color wp-elements-3d2b06070122e0f75ddd9e59054257fc\">\u00abLa soluci\u00f3n es muy simple: matriculaci\u00f3n obligatoria y GRATUITA&#8230;\u00bb.-<\/p>\n\n\n\n<p class=\"has-headings-color has-text-color has-link-color wp-elements-0428860b30080cc67f95585806be7787\"><a href=\"https:\/\/www.facebook.com\/joseluis.giudice.7?comment_id=Y29tbWVudDoxMDIyOTQ0Mzc2NjE0Nzk0NV8xNDU0NTE1ODM5MzU1ODk0&amp;__cft__[0]=AZYJNlPa1XQrUeRVjCzFZWUcmarkJZu1TNYuFxKfDyQ5-FdfzyQlBLCEd9XPXWX9gAiWRypgv08CsDEC0FM3ttEtCbL9T1G4bOatNUqW5hX2pReXLkRBnBogoZByG2YtxtF1MzZ3eXZfJL1K0AoOMVAgTOUzrOwlT8nzwxX82qLR4Q&amp;__tn__=R]-R\">Jose Luis Giudice<\/a> (autor del posteo)<\/p>\n\n\n\n<p class=\"has-headings-color has-text-color has-link-color wp-elements-7bd12bd21ae9f80fa86b9d2eeab0d585\">\u00ab<a href=\"https:\/\/www.facebook.com\/albertoandresrodriguez?__cft__[0]=AZYJNlPa1XQrUeRVjCzFZWUcmarkJZu1TNYuFxKfDyQ5-FdfzyQlBLCEd9XPXWX9gAiWRypgv08CsDEC0FM3ttEtCbL9T1G4bOatNUqW5hX2pReXLkRBnBogoZByG2YtxtF1MzZ3eXZfJL1K0AoOMVAgTOUzrOwlT8nzwxX82qLR4Q&amp;__tn__=R]-R\">Alberto Andr\u00e9s Rodr\u00edguez<\/a>&nbsp;Hola Alberto, c\u00f3mo est\u00e1s? Eso ser\u00eda lo ideal, pero porque no comenzamos por obligatoria y una matr\u00edcula m\u00ednima para que puedan pagar todos y as\u00ed seguir manteniendo el funcionamiento m\u00ednimo del colegio y de sus empleados? No estar\u00eda mal probar una alternativa menor. Por lo pronto es bueno debatir y conocer opiniones y experiencias de los colegas. Abrazo grande y gracias por comentar\u00bb.<\/p>\n\n\n\n<p class=\"has-accent-2-color has-text-color has-link-color wp-elements-62fe598a24112ad041628229e8ace018\"><a href=\"https:\/\/www.facebook.com\/albertoandresrodriguez?comment_id=Y29tbWVudDoxMDIyOTQ0Mzc2NjE0Nzk0NV8xMTM2NTg4ODM1MzMzMTEx&amp;__cft__[0]=AZYJNlPa1XQrUeRVjCzFZWUcmarkJZu1TNYuFxKfDyQ5-FdfzyQlBLCEd9XPXWX9gAiWRypgv08CsDEC0FM3ttEtCbL9T1G4bOatNUqW5hX2pReXLkRBnBogoZByG2YtxtF1MzZ3eXZfJL1K0AoOMVAgTOUzrOwlT8nzwxX82qLR4Q&amp;__tn__=R]-R\">Alberto Andr\u00e9s Rodr\u00edguez<\/a><\/p>\n\n\n\n<p class=\"has-headings-color has-text-color has-link-color wp-elements-79b25132c5e3614f5a34d775d4be167e\">\u00ab<a href=\"https:\/\/www.facebook.com\/joseluis.giudice.7?__cft__[0]=AZYJNlPa1XQrUeRVjCzFZWUcmarkJZu1TNYuFxKfDyQ5-FdfzyQlBLCEd9XPXWX9gAiWRypgv08CsDEC0FM3ttEtCbL9T1G4bOatNUqW5hX2pReXLkRBnBogoZByG2YtxtF1MzZ3eXZfJL1K0AoOMVAgTOUzrOwlT8nzwxX82qLR4Q&amp;__tn__=R]-R\">Jose Luis Giudice<\/a>&nbsp;porque eso ocurre desde su creaci\u00f3n, comenz\u00f3 siendo una cuota m\u00ednima, y jam\u00e1s se baj\u00f3, por lo que la soluci\u00f3n ser\u00eda la gratuidad (sabemos que jam\u00e1s ocurrir\u00e1, y si de casualidad se reforma, dentro de 2 a\u00f1os, con un nuevo gobierno volver\u00edamos a como estamos ahora, incluso peor, porque aumentar\u00eda de tal manera para que se pueda \u00abrecuperar\u00bb esos 2 a\u00f1os \u00abperdidos de recaudaci\u00f3n\u00bb)\u00bb.-<\/p>\n\n\n\n<p class=\"has-accent-2-color has-text-color has-link-color wp-elements-ec9a3000c6065bc6b520e08be0342bf9\"><a href=\"https:\/\/www.facebook.com\/emanuel.ferrares?comment_id=Y29tbWVudDoxMDIyOTQ0Mzc2NjE0Nzk0NV8xMjI0MDU2NTI5NTg2ODE1&amp;__cft__[0]=AZYJNlPa1XQrUeRVjCzFZWUcmarkJZu1TNYuFxKfDyQ5-FdfzyQlBLCEd9XPXWX9gAiWRypgv08CsDEC0FM3ttEtCbL9T1G4bOatNUqW5hX2pReXLkRBnBogoZByG2YtxtF1MzZ3eXZfJL1K0AoOMVAgTOUzrOwlT8nzwxX82qLR4Q&amp;__tn__=R]-R\">Ema Fer<\/a><\/p>\n\n\n\n<p class=\"has-headings-color has-text-color has-link-color wp-elements-4ed34da44e4d0d53991cdc55cca47c43\">\u00ab<a href=\"https:\/\/www.facebook.com\/albertoandresrodriguez?__cft__[0]=AZYJNlPa1XQrUeRVjCzFZWUcmarkJZu1TNYuFxKfDyQ5-FdfzyQlBLCEd9XPXWX9gAiWRypgv08CsDEC0FM3ttEtCbL9T1G4bOatNUqW5hX2pReXLkRBnBogoZByG2YtxtF1MzZ3eXZfJL1K0AoOMVAgTOUzrOwlT8nzwxX82qLR4Q&amp;__tn__=R]-R\">Alberto Andr\u00e9s Rodr\u00edguez<\/a>&nbsp;por que tienen que obligarte? Si fuera saludable la colegiatura y bueno para el matriculado entonces todos pagarian encantados y por elecci\u00f3n. Ninguna imposici\u00f3n es buena. Menos cuando tenes que pagar y no obtenes ningun beneficio. Literalmente nos sacan la plata del bolsillo. Inclusive nos quitan la libertad obligandonos\u00bb.-<\/p>\n\n\n\n<p class=\"has-accent-2-color has-text-color has-link-color wp-elements-ce842299f9b9f5373741a788d4bbd38a\"><a href=\"https:\/\/www.facebook.com\/azucenalucia.sasso?comment_id=Y29tbWVudDoxMDIyOTQ0Mzc2NjE0Nzk0NV84MzYzODI1OTkzODAxNTM%3D&amp;__cft__[0]=AZYJNlPa1XQrUeRVjCzFZWUcmarkJZu1TNYuFxKfDyQ5-FdfzyQlBLCEd9XPXWX9gAiWRypgv08CsDEC0FM3ttEtCbL9T1G4bOatNUqW5hX2pReXLkRBnBogoZByG2YtxtF1MzZ3eXZfJL1K0AoOMVAgTOUzrOwlT8nzwxX82qLR4Q&amp;__tn__=R]-R\">Azucena Lucia Sasso<\/a><\/p>\n\n\n\n<p class=\"has-headings-color has-text-color has-link-color wp-elements-62327aef3816dcc6de27faba4eca229b\">\u00abAca los colegios facturan en especial provincia con esa caja que solo beneficia a sus integrantes, no hay futuro para los jovenes con tanta presion. Quizas esto sea justo esta vez\u00bb.-<\/p>\n\n\n\n<p class=\"has-accent-2-color has-text-color has-link-color wp-elements-f24050230dc7100a8787e01e2857c2f1\"><a href=\"https:\/\/www.facebook.com\/segundosombra55?comment_id=Y29tbWVudDoxMDIyOTQ0Mzc2NjE0Nzk0NV84MDIxODg0MjYxODI1NTA%3D&amp;__cft__[0]=AZYJNlPa1XQrUeRVjCzFZWUcmarkJZu1TNYuFxKfDyQ5-FdfzyQlBLCEd9XPXWX9gAiWRypgv08CsDEC0FM3ttEtCbL9T1G4bOatNUqW5hX2pReXLkRBnBogoZByG2YtxtF1MzZ3eXZfJL1K0AoOMVAgTOUzrOwlT8nzwxX82qLR4Q&amp;__tn__=R]-R\">Sombra Segundo<\/a><\/p>\n\n\n\n<p class=\"has-headings-color has-text-color has-link-color wp-elements-6d1d484d38f45e4c7bde1f4482e8cb4b\">\u00abLa matr\u00edcula es un curro y las cajas son ladrones. Deberian ser optativas y no imponer aportes obligatorios\u00bb.-<\/p>\n\n\n\n<p class=\"has-accent-2-color has-text-color has-link-color wp-elements-97dfbebe37fe895295b52d476510e51d\"><a href=\"https:\/\/www.facebook.com\/edgardo.gomez.3150?comment_id=Y29tbWVudDoxMDIyOTQ0Mzc2NjE0Nzk0NV82OTQxOTA2NTY4ODM0MjE%3D&amp;__cft__[0]=AZYJNlPa1XQrUeRVjCzFZWUcmarkJZu1TNYuFxKfDyQ5-FdfzyQlBLCEd9XPXWX9gAiWRypgv08CsDEC0FM3ttEtCbL9T1G4bOatNUqW5hX2pReXLkRBnBogoZByG2YtxtF1MzZ3eXZfJL1K0AoOMVAgTOUzrOwlT8nzwxX82qLR4Q&amp;__tn__=R]-R\">Edgar BroGo<\/a><\/p>\n\n\n\n<p class=\"has-headings-color has-text-color has-link-color wp-elements-750ed705f04b30aacfdf2e4dd8b404cb\">\u00abLos colegios no cumplen la funci\u00f3n que deber\u00edan. Y lo digo por experiencia. Cada provincia tiene su librito y si es corrupta como la mayor\u00eda solo les preocupa recaudar y no el beneficio del abogado. No est\u00e1n cuando los necesitas. Los que est\u00e1n como presidentes o el titulares del c\u00f3digo de \u00e9tica, son corruptos en todas sus facetas y si no comulgas con ellos eres un enemigo. Como todo lo que est\u00e1 en Argentina, corrupto. Si es as\u00ed como est\u00e1 ahora, prefiero que no exista. Si es: claro, transparente y para el beneficio del matriculado, si estar\u00eda de acuerdo. Cosa que en la realidad no sucede\u00bb.-<\/p>\n\n\n\n<p class=\"has-headings-color has-text-color has-link-color wp-elements-c162d0d192a468ce97b7ff8ade5c8991\"><a href=\"https:\/\/www.facebook.com\/emanuel.ferrares?comment_id=Y29tbWVudDoxMDIyOTQ0Mzc2NjE0Nzk0NV8yNTA2Mzg0MjMzNjY1MTg2NQ%3D%3D&amp;__cft__[0]=AZYJNlPa1XQrUeRVjCzFZWUcmarkJZu1TNYuFxKfDyQ5-FdfzyQlBLCEd9XPXWX9gAiWRypgv08CsDEC0FM3ttEtCbL9T1G4bOatNUqW5hX2pReXLkRBnBogoZByG2YtxtF1MzZ3eXZfJL1K0AoOMVAgTOUzrOwlT8nzwxX82qLR4Q&amp;__tn__=R]-R\">Ema Fer<\/a><\/p>\n\n\n\n<p class=\"has-headings-color has-text-color has-link-color wp-elements-a65f5a2b8fad48edf2727072f52da9f6\">\u00abLos colegios lo unico que hacen es sacarte la plata y no hacen absolutamente nada por los matriculados. Es un negocio a costa del laburo ajeno. Lo mismo las cajas en pcia\u00bb.<\/p>\n\n\n\n<p><a href=\"https:\/\/www.facebook.com\/doncella.dehierro.12576?comment_id=Y29tbWVudDoxMDIyOTQ0Mzc2NjE0Nzk0NV84OTkyODkxMTI0ODU4MTU%3D&amp;__cft__[0]=AZYJNlPa1XQrUeRVjCzFZWUcmarkJZu1TNYuFxKfDyQ5-FdfzyQlBLCEd9XPXWX9gAiWRypgv08CsDEC0FM3ttEtCbL9T1G4bOatNUqW5hX2pReXLkRBnBogoZByG2YtxtF1MzZ3eXZfJL1K0AoOMVAgTOUzrOwlT8nzwxX82qLR4Q&amp;__tn__=R]-R\">Doncella De Hierro<\/a><\/p>\n\n\n\n<p class=\"has-headings-color has-text-color has-link-color wp-elements-6777cbf98e976034b7c0b604005afb8d\">\u00ab<strong>Registro \u00fanico nacional, matr\u00edcula nacional<\/strong>. Basta de que otros abogados vivan de chuparle la sangre al resto. La administraci\u00f3n de justicia es cada vez m\u00e1s lenta, las sentencias tardan mucho pero los colegios y cajas cobran religiosamente sin hacer nada frente a esta situaci\u00f3n. No los necesitamos. Fin\u00bb<\/p>\n\n\n\n<p class=\"has-headings-color has-text-color has-link-color wp-elements-266ee0730351cf8925080a405f9f6402\"><a href=\"https:\/\/www.facebook.com\/ale.nunez.52056?comment_id=Y29tbWVudDoxMDIyOTQ0Mzc2NjE0Nzk0NV84NDQxODkyMzg1MjAxNzE%3D&amp;__cft__[0]=AZYJNlPa1XQrUeRVjCzFZWUcmarkJZu1TNYuFxKfDyQ5-FdfzyQlBLCEd9XPXWX9gAiWRypgv08CsDEC0FM3ttEtCbL9T1G4bOatNUqW5hX2pReXLkRBnBogoZByG2YtxtF1MzZ3eXZfJL1K0AoOMVAgTOUzrOwlT8nzwxX82qLR4Q&amp;__tn__=R]-R\">Ale Nu\u00f1ez Araya<\/a><\/p>\n\n\n\n<p class=\"has-headings-color has-text-color has-link-color wp-elements-e08630c336e74b25e93ba78cb9bf3e30\">\u00abDoc, me puede explicar \u00bfcomo es que supuestamente yo saldria perdiendo sin matroculacion obligatoria siendo que yo laburo y me publicito desde redes sociales y tengo que vivir rechazando laburo de otras provincias por culpa de no tener (y pagar) una matricula en cada una de ellas? O sea literalmente este sistema nos limita completamente, no puedo tener un ejercicio profesional pleno a nivel nacional. \u00bfPor que tengo que bancarme eso y perder decenas de clientes valiosos?<\/p>\n\n\n\n<p class=\"has-headings-color has-text-color has-link-color wp-elements-8eacff7c241f43d491ecad622e2b7f6c\">\u00bfDonde es que gano con la matriculacion obligatoria? Expliqueme porque no lo estaria comprendiendo\u00bb.-<\/p>\n\n\n\n<p class=\"has-headings-color has-text-color has-link-color wp-elements-4ab255fc77d89c106f6e07cd1cda4c94\"><a href=\"https:\/\/www.facebook.com\/marisa.salvati?comment_id=Y29tbWVudDoxMDIyOTQ0Mzc2NjE0Nzk0NV8xNDE0NjY5ODM3MDI3MDIw&amp;__cft__[0]=AZYJNlPa1XQrUeRVjCzFZWUcmarkJZu1TNYuFxKfDyQ5-FdfzyQlBLCEd9XPXWX9gAiWRypgv08CsDEC0FM3ttEtCbL9T1G4bOatNUqW5hX2pReXLkRBnBogoZByG2YtxtF1MzZ3eXZfJL1K0AoOMVAgTOUzrOwlT8nzwxX82qLR4Q&amp;__tn__=R]-R\">Marisa Salvati<\/a><\/p>\n\n\n\n<p class=\"has-headings-color has-text-color has-link-color wp-elements-e36b7ea3f6d0f7e202c1c17af9027176\">\u00abLa realidad es que ya casi ning\u00fan joven quiere matricular en la provincia de Bs As, es muy dif\u00edcil solventar los gastos que ello implica! M\u00e1s all\u00e1 de que no dan ning\u00fan beneficio y todo lo complican, hasta para pagar un simple ius o comprar un bono online!!! No pueden hacer nada que sea f\u00e1cil??? La CAO y la matricula es cada vez m\u00e1s onerosa y muchos colegas ya no pueden pagar y se terminan cayendo del sistema!! Hay que hacer algo Urgente!!!\u00bb.-<\/p>\n\n\n\n<p class=\"has-headings-color has-text-color has-link-color wp-elements-79b2fbcdda590d8664233fbf58f1cf57\"><a href=\"https:\/\/www.facebook.com\/mariavirginia.rodriguez.9?comment_id=Y29tbWVudDoxMDIyOTQ0Mzc2NjE0Nzk0NV8yNjUzMTEyMTgxNzAwOTIy&amp;__cft__[0]=AZYJNlPa1XQrUeRVjCzFZWUcmarkJZu1TNYuFxKfDyQ5-FdfzyQlBLCEd9XPXWX9gAiWRypgv08CsDEC0FM3ttEtCbL9T1G4bOatNUqW5hX2pReXLkRBnBogoZByG2YtxtF1MzZ3eXZfJL1K0AoOMVAgTOUzrOwlT8nzwxX82qLR4Q&amp;__tn__=R]-R\">Maria Virginia Rodriguez<\/a><\/p>\n\n\n\n<p class=\"has-headings-color has-text-color has-link-color wp-elements-de285addc740824831a894d354ccd412\">\u00abEl Colegio P\u00fablico de Abogados de Caba es un curro, triplicaron la matr\u00edcula de un a\u00f1o para el otro, lleno de empleados ociosos que ganan el doble que un abogado medio y encima son canonj\u00edas porque est\u00e1n de floreros y atienden mal. Viva Milei, que se terminen los abusos\u00bb.<\/p>\n\n\n\n<p class=\"has-text-align-center has-text-color has-link-color has-large-font-size wp-elements-aa8f99749f929794afe936e56c3d4e77\" style=\"color:#0de7f7\">Nuestras apreciaciones<\/p>\n\n\n\n<p class=\"has-headings-color has-text-color has-link-color wp-elements-37c8fda8b17cb2688662adbeaf5e064e\">Vemos una clara desiluci\u00f3n y la postura de cada colega en no querer m\u00e1s una matriculacion obligatoria que solo sea para el sostenimiento funcional de las instituciones.<\/p>\n\n\n\n<p class=\"has-headings-color has-text-color has-link-color wp-elements-011201ba580ccf0d9585f4990372ea57\">Los colegas buscan aminorar los gastos que aprietan sus bolsillos en el ejercicio diario de la profesi\u00f3n.<\/p>\n\n\n\n<p class=\"has-headings-color has-text-color has-link-color wp-elements-dc57c4a36f196997ae672e2836f92f99\">De p\u00fablico y notorio, hemos presentado el Proyecto de Creaci\u00f3n de un Registro \u00fanico Nacional para abogados del sector privado y la creacion de una matricula y\/o credencial nacional y universal, voluntaria y gratuita, para que todos los colegas podamos ejercer libremente nuestra profesi\u00f3n y ampliar nuestra cartera de clientes.<\/p>\n\n\n\n<p class=\"has-headings-color has-text-color has-link-color wp-elements-73ad82f1e77d15e64d3962198ff0e43b\">Si te gusta nuestra propuesta, seguinos en redes y sumate para m\u00e1s proyectos. <\/p>\n","protected":false},"excerpt":{"rendered":"<p>Lo que arrastra la Reforma Laboral&#8230; Los colegas se han expresado: Barbara Carolina Varela \u00abMi t\u00edtulo mi esfuerzo. La matr\u00edcula un robo solo para beneficiar<span class=\"excerpt-fade\"><\/span><\/p>\n","protected":false},"author":1,"featured_media":0,"parent":0,"menu_order":0,"comment_status":"closed","ping_status":"closed","template":"","meta":{"_themeisle_gutenberg_block_has_review":false,"_ti_tpc_template_sync":false,"_ti_tpc_template_id":"","footnotes":""},"class_list":["post-1641","page","type-page","status-publish","hentry"],"_links":{"self":[{"href":"https:\/\/sapra.org\/index.php\/wp-json\/wp\/v2\/pages\/1641","targetHints":{"allow":["GET"]}}],"collection":[{"href":"https:\/\/sapra.org\/index.php\/wp-json\/wp\/v2\/pages"}],"about":[{"href":"https:\/\/sapra.org\/index.php\/wp-json\/wp\/v2\/types\/page"}],"author":[{"embeddable":true,"href":"https:\/\/sapra.org\/index.php\/wp-json\/wp\/v2\/users\/1"}],"replies":[{"embeddable":true,"href":"https:\/\/sapra.org\/index.php\/wp-json\/wp\/v2\/comments?post=1641"}],"version-history":[{"count":5,"href":"https:\/\/sapra.org\/index.php\/wp-json\/wp\/v2\/pages\/1641\/revisions"}],"predecessor-version":[{"id":1647,"href":"https:\/\/sapra.org\/index.php\/wp-json\/wp\/v2\/pages\/1641\/revisions\/1647"}],"wp:attachment":[{"href":"https:\/\/sapra.org\/index.php\/wp-json\/wp\/v2\/media?parent=1641"}],"curies":[{"name":"wp","href":"https:\/\/api.w.org\/{rel}","templated":true}]}}