{"id":162,"date":"2024-05-07T18:18:25","date_gmt":"2024-05-07T21:18:25","guid":{"rendered":"https:\/\/sapra.org\/?page_id=162"},"modified":"2025-12-13T06:58:31","modified_gmt":"2025-12-13T09:58:31","slug":"diligenciamientos","status":"publish","type":"page","link":"https:\/\/sapra.org\/diligenciamientos\/","title":{"rendered":"Diligenciamientos"},"content":{"rendered":"\n<p class=\"has-headings-color has-text-color has-link-color wp-elements-609c58da40e8a2d24b1b9cb3d059ace7\">Los abogados que ejerzan la profesi\u00f3n dentro del sector privado, podr\u00e1n <strong>SIN COSTO<\/strong>, postular sus servicios en esta secci\u00f3n.<\/p>\n\n\n\n<p class=\"has-headings-color has-text-color has-link-color wp-elements-63c4c46806dda43d852fdfa64b04a547\"><strong>BUSCAMOS<\/strong> generar una rueda laboral que fomente la cooperaci\u00f3n nacional entre colegas y ampliar la cartera de clientes de ustedes. <\/p>\n\n\n\n<p class=\"has-headings-color has-text-color has-link-color wp-elements-a24773d87be234a35857f5feafb0b939\">Tambi\u00e9n invitamos a los colegas que se encuentren residiendo en el extranjero, que deseen mantener cooperaci\u00f3n internacional, procurando asistencia letrada y\/o solicitandola desde nuestra organizaci\u00f3n.<\/p>\n\n\n\n<p class=\"has-headings-color has-text-color has-link-color wp-elements-dba92bc4fbf24aaf7896115e6bf9bd12\">En estos momentos, contamos con servicios de diligenciamiento en la provincia de Salta, San Luis, C\u00f3rdoba, Corrientes, Entre R\u00edos, Santa Fe, Chaco, Tucuman, Catamarca, Santa Cruz, Tierra del Fuego, Provincia de Buenos Aires.<\/p>\n\n\n\n<p class=\"has-text-align-center has-sitebg-background-color has-text-color has-background has-link-color has-normal-font-size wp-elements-91d770463e50aa752fe9f173c24917ed\" style=\"color:#f81937\"><strong>PROVINCIA DE SALTA:<\/strong> <strong>Dra. Carla Pe\u00f1aranda <\/strong><\/p>\n\n\n\n<figure class=\"wp-block-image size-large\"><img loading=\"lazy\" decoding=\"async\" width=\"1024\" height=\"1024\" src=\"https:\/\/sapra.org\/wp-content\/uploads\/2024\/10\/5636fc52-2ce5-4c95-8436-cef075b341b0-1024x1024.jpeg\" alt=\"\" class=\"wp-image-423\" srcset=\"https:\/\/sapra.org\/wp-content\/uploads\/2024\/10\/5636fc52-2ce5-4c95-8436-cef075b341b0-1024x1024.jpeg 1024w, https:\/\/sapra.org\/wp-content\/uploads\/2024\/10\/5636fc52-2ce5-4c95-8436-cef075b341b0-300x300.jpeg 300w, https:\/\/sapra.org\/wp-content\/uploads\/2024\/10\/5636fc52-2ce5-4c95-8436-cef075b341b0-150x150.jpeg 150w, https:\/\/sapra.org\/wp-content\/uploads\/2024\/10\/5636fc52-2ce5-4c95-8436-cef075b341b0-768x768.jpeg 768w, https:\/\/sapra.org\/wp-content\/uploads\/2024\/10\/5636fc52-2ce5-4c95-8436-cef075b341b0.jpeg 1080w\" sizes=\"auto, (max-width: 1024px) 100vw, 1024px\" \/><\/figure>\n\n\n\n<hr class=\"wp-block-separator has-text-color has-headings-color has-alpha-channel-opacity has-headings-background-color has-background\"\/>\n\n\n\n<p class=\"has-text-align-center has-text-color has-link-color wp-elements-0149eb4984f57e0dbb8816255cdad539\" style=\"color:#0754f0\"><strong> PROVINCIA DE SAN LUIS:<\/strong> Ciudad Villa Mercedes: <strong>Dr. Lucas Lucero Garces. <\/strong><\/p>\n\n\n\n<figure class=\"wp-block-image size-large\"><img loading=\"lazy\" decoding=\"async\" width=\"576\" height=\"1024\" src=\"https:\/\/sapra.org\/wp-content\/uploads\/2024\/10\/462616907_10234011280691601_6170333726640497214_n-576x1024.jpg\" alt=\"\" class=\"wp-image-420\" srcset=\"https:\/\/sapra.org\/wp-content\/uploads\/2024\/10\/462616907_10234011280691601_6170333726640497214_n-576x1024.jpg 576w, https:\/\/sapra.org\/wp-content\/uploads\/2024\/10\/462616907_10234011280691601_6170333726640497214_n-169x300.jpg 169w, https:\/\/sapra.org\/wp-content\/uploads\/2024\/10\/462616907_10234011280691601_6170333726640497214_n-768x1365.jpg 768w, https:\/\/sapra.org\/wp-content\/uploads\/2024\/10\/462616907_10234011280691601_6170333726640497214_n-864x1536.jpg 864w, https:\/\/sapra.org\/wp-content\/uploads\/2024\/10\/462616907_10234011280691601_6170333726640497214_n.jpg 1080w\" sizes=\"auto, (max-width: 576px) 100vw, 576px\" \/><\/figure>\n\n\n\n<p class=\"has-headings-color has-text-color has-link-color wp-elements-b14e99a3f9c0aa0789e9403e9e5442c2\">Especialidades del ejercicio profesional: Civil- Familia &#8211; Previsional. Consultar por diligenciamientos.<\/p>\n\n\n\n<p class=\"has-headings-color has-text-color has-link-color wp-elements-ead0f38295f8f9bc293d9c23aa944ed4\">Contacto: 02657-658113 \/\/ 2656-227998. Ubicaci\u00f3n del estudio jur\u00edduco: San Mart\u00edn 446. Villa Mercedes. San Luis.<\/p>\n\n\n\n<hr class=\"wp-block-separator has-alpha-channel-opacity\"\/>\n\n\n\n<p class=\"has-text-align-center has-text-color has-link-color wp-elements-3960b6294f52e91eb69581bf33aa5c92\" style=\"color:#f10505\"><strong> PROVINCIA DE C\u00d3RDOBA:<\/strong> Ciudad de C\u00f3rdoba: <strong>Dra. Ayelen Gonzalez Miranda. <\/strong><\/p>\n\n\n\n<figure class=\"wp-block-image size-full\"><img loading=\"lazy\" decoding=\"async\" width=\"679\" height=\"960\" src=\"https:\/\/sapra.org\/wp-content\/uploads\/2025\/07\/DILIGENCIAS-CORDOBA.jpg\" alt=\"\" class=\"wp-image-1255\" srcset=\"https:\/\/sapra.org\/wp-content\/uploads\/2025\/07\/DILIGENCIAS-CORDOBA.jpg 679w, https:\/\/sapra.org\/wp-content\/uploads\/2025\/07\/DILIGENCIAS-CORDOBA-212x300.jpg 212w\" sizes=\"auto, (max-width: 679px) 100vw, 679px\" \/><\/figure>\n\n\n\n<hr class=\"wp-block-separator has-alpha-channel-opacity\"\/>\n\n\n\n<div class=\"wp-block-media-text is-stacked-on-mobile\"><figure class=\"wp-block-media-text__media\"><img loading=\"lazy\" decoding=\"async\" width=\"526\" height=\"789\" src=\"https:\/\/sapra.org\/wp-content\/uploads\/2025\/07\/519419286_10236601732529121_4548835431436266427_n.jpg\" alt=\"\" class=\"wp-image-1395 size-full\" srcset=\"https:\/\/sapra.org\/wp-content\/uploads\/2025\/07\/519419286_10236601732529121_4548835431436266427_n.jpg 526w, https:\/\/sapra.org\/wp-content\/uploads\/2025\/07\/519419286_10236601732529121_4548835431436266427_n-200x300.jpg 200w\" sizes=\"auto, (max-width: 526px) 100vw, 526px\" \/><\/figure><div class=\"wp-block-media-text__content\">\n<h2 class=\"wp-block-heading has-text-color has-link-color wp-elements-b6520f239813419b3d023290d22dbac0\" style=\"color:#f20d0d\">C\u00d3RDOBA CAPITAL- VALLE DE PUNILLA<\/h2>\n\n\n\n<p class=\"has-text-color has-link-color wp-elements-81a3854dce02cf505cea50f2f289c54f\" style=\"color:#ee2112\"><strong>Dra. Florencia Maldonado Font\u00e1n<\/strong><\/p>\n\n\n\n<p class=\"has-headings-color has-text-color has-link-color wp-elements-af37b63255a632b57260212ecf5eb9fb\">TE: 3541-636026<\/p>\n<\/div><\/div>\n\n\n\n<hr class=\"wp-block-separator has-alpha-channel-opacity\"\/>\n\n\n\n<p class=\"has-text-align-center has-text-color has-link-color wp-elements-32ec8238119c8d665fdf0d686c28bdf4\" style=\"color:#f44ad5\"><strong>PROVINCIA DE ENTRE R\u00cdOS<\/strong>: PARAN\u00c1.<\/p>\n\n\n\n<p class=\"has-text-align-center has-text-color has-link-color wp-elements-b679254654c5c0814048911597f658c5\" style=\"color:#f44ad5\"> <strong>Dra. Nadia Elizabeth KLAUS<\/strong><\/p>\n\n\n\n<div class=\"wp-block-columns is-layout-flex wp-container-core-columns-is-layout-9d6595d7 wp-block-columns-is-layout-flex\">\n<div class=\"wp-block-column is-layout-flow wp-block-column-is-layout-flow\">\n<figure class=\"wp-block-image size-large\"><img loading=\"lazy\" decoding=\"async\" width=\"724\" height=\"1024\" src=\"https:\/\/sapra.org\/wp-content\/uploads\/2025\/07\/DILIGENCIAS-ENTRE-RIOS-3-724x1024.jpg\" alt=\"\" class=\"wp-image-1401\" srcset=\"https:\/\/sapra.org\/wp-content\/uploads\/2025\/07\/DILIGENCIAS-ENTRE-RIOS-3-724x1024.jpg 724w, https:\/\/sapra.org\/wp-content\/uploads\/2025\/07\/DILIGENCIAS-ENTRE-RIOS-3-212x300.jpg 212w, https:\/\/sapra.org\/wp-content\/uploads\/2025\/07\/DILIGENCIAS-ENTRE-RIOS-3-768x1086.jpg 768w, https:\/\/sapra.org\/wp-content\/uploads\/2025\/07\/DILIGENCIAS-ENTRE-RIOS-3-1086x1536.jpg 1086w, https:\/\/sapra.org\/wp-content\/uploads\/2025\/07\/DILIGENCIAS-ENTRE-RIOS-3.jpg 1414w\" sizes=\"auto, (max-width: 724px) 100vw, 724px\" \/><\/figure>\n<\/div>\n\n\n\n<div class=\"wp-block-column is-layout-flow wp-block-column-is-layout-flow\">\n<figure class=\"wp-block-image size-large\"><img loading=\"lazy\" decoding=\"async\" width=\"724\" height=\"1024\" src=\"https:\/\/sapra.org\/wp-content\/uploads\/2025\/07\/DILIGENCIAS-ENTRE-RIOS-724x1024.jpg\" alt=\"\" class=\"wp-image-1400\" srcset=\"https:\/\/sapra.org\/wp-content\/uploads\/2025\/07\/DILIGENCIAS-ENTRE-RIOS-724x1024.jpg 724w, https:\/\/sapra.org\/wp-content\/uploads\/2025\/07\/DILIGENCIAS-ENTRE-RIOS-212x300.jpg 212w, https:\/\/sapra.org\/wp-content\/uploads\/2025\/07\/DILIGENCIAS-ENTRE-RIOS-768x1086.jpg 768w, https:\/\/sapra.org\/wp-content\/uploads\/2025\/07\/DILIGENCIAS-ENTRE-RIOS-1086x1536.jpg 1086w, https:\/\/sapra.org\/wp-content\/uploads\/2025\/07\/DILIGENCIAS-ENTRE-RIOS.jpg 1414w\" sizes=\"auto, (max-width: 724px) 100vw, 724px\" \/><\/figure>\n<\/div>\n<\/div>\n\n\n\n<hr class=\"wp-block-separator has-alpha-channel-opacity\"\/>\n\n\n\n<p class=\"has-text-align-center has-text-color has-link-color wp-elements-8df74896040a46eaeae84f89cea1eb06\" style=\"color:#fa0505\">PROVINCIA DE CORRIENTES. <\/p>\n\n\n\n<p class=\"has-text-align-center has-text-color has-link-color wp-elements-fdcad298a918b63072452d7b30e376d7\" style=\"color:#fa0505\"><strong>Dra. Jesica Pelozo Vargas<\/strong><\/p>\n\n\n\n<div class=\"wp-block-columns is-layout-flex wp-container-core-columns-is-layout-9d6595d7 wp-block-columns-is-layout-flex\">\n<div class=\"wp-block-column is-layout-flow wp-block-column-is-layout-flow\">\n<figure class=\"wp-block-image size-large\"><img loading=\"lazy\" decoding=\"async\" width=\"725\" height=\"1024\" src=\"https:\/\/sapra.org\/wp-content\/uploads\/2025\/07\/IMG-20250729-WA0007-1-725x1024.jpg\" alt=\"\" class=\"wp-image-1415\" srcset=\"https:\/\/sapra.org\/wp-content\/uploads\/2025\/07\/IMG-20250729-WA0007-1-725x1024.jpg 725w, https:\/\/sapra.org\/wp-content\/uploads\/2025\/07\/IMG-20250729-WA0007-1-212x300.jpg 212w, https:\/\/sapra.org\/wp-content\/uploads\/2025\/07\/IMG-20250729-WA0007-1-768x1085.jpg 768w, https:\/\/sapra.org\/wp-content\/uploads\/2025\/07\/IMG-20250729-WA0007-1-1087x1536.jpg 1087w, https:\/\/sapra.org\/wp-content\/uploads\/2025\/07\/IMG-20250729-WA0007-1.jpg 1449w\" sizes=\"auto, (max-width: 725px) 100vw, 725px\" \/><\/figure>\n<\/div>\n\n\n\n<div class=\"wp-block-column is-layout-flow wp-block-column-is-layout-flow\">\n<figure class=\"wp-block-image size-large\"><img loading=\"lazy\" decoding=\"async\" width=\"749\" height=\"1024\" src=\"https:\/\/sapra.org\/wp-content\/uploads\/2025\/07\/IMG-20250729-WA0008-749x1024.jpg\" alt=\"\" class=\"wp-image-1416\" srcset=\"https:\/\/sapra.org\/wp-content\/uploads\/2025\/07\/IMG-20250729-WA0008-749x1024.jpg 749w, https:\/\/sapra.org\/wp-content\/uploads\/2025\/07\/IMG-20250729-WA0008-219x300.jpg 219w, https:\/\/sapra.org\/wp-content\/uploads\/2025\/07\/IMG-20250729-WA0008-768x1050.jpg 768w, https:\/\/sapra.org\/wp-content\/uploads\/2025\/07\/IMG-20250729-WA0008.jpg 1080w\" sizes=\"auto, (max-width: 749px) 100vw, 749px\" \/><\/figure>\n<\/div>\n<\/div>\n\n\n\n<hr class=\"wp-block-separator has-alpha-channel-opacity\"\/>\n\n\n\n<p class=\"has-text-align-center has-text-color has-link-color wp-elements-cbf492c92cb41876e889b44a75781dd0\" style=\"color:#f8472c\"><strong>PROVINCIA DE SANTA FE- ROSARIO<\/strong><\/p>\n\n\n\n<figure class=\"wp-block-image size-large\"><img loading=\"lazy\" decoding=\"async\" width=\"1024\" height=\"1024\" src=\"https:\/\/sapra.org\/wp-content\/uploads\/2025\/08\/received_748478661416347-1024x1024.jpg\" alt=\"\" class=\"wp-image-1498\" srcset=\"https:\/\/sapra.org\/wp-content\/uploads\/2025\/08\/received_748478661416347-1024x1024.jpg 1024w, https:\/\/sapra.org\/wp-content\/uploads\/2025\/08\/received_748478661416347-300x300.jpg 300w, https:\/\/sapra.org\/wp-content\/uploads\/2025\/08\/received_748478661416347-150x150.jpg 150w, https:\/\/sapra.org\/wp-content\/uploads\/2025\/08\/received_748478661416347-768x768.jpg 768w, https:\/\/sapra.org\/wp-content\/uploads\/2025\/08\/received_748478661416347.jpg 1080w\" sizes=\"auto, (max-width: 1024px) 100vw, 1024px\" \/><\/figure>\n\n\n\n<hr class=\"wp-block-separator has-alpha-channel-opacity\"\/>\n\n\n\n<p class=\"has-text-align-center has-text-color has-link-color has-normal-font-size wp-elements-5a49db4979e23e12e2cfbc1b22626c11\" style=\"color:#ec0505\"><strong>PROVINCIA DE SANTA FE: RUFINO. VENADO TUERTO. FIRMAT. MELINCUE.<\/strong><\/p>\n\n\n\n<p class=\"has-text-align-center has-text-color has-link-color wp-elements-b498ab089c66d4c8069543f9242945d0\" style=\"color:#f10e0e\"><strong>Dra. EVELYN DEL CARLO<\/strong><\/p>\n\n\n\n<figure class=\"wp-block-image size-large\"><img loading=\"lazy\" decoding=\"async\" width=\"1024\" height=\"974\" src=\"https:\/\/sapra.org\/wp-content\/uploads\/2025\/12\/DILIFENCIAMIENTO-RUFINO-1024x974.jpg\" alt=\"\" class=\"wp-image-1623\" srcset=\"https:\/\/sapra.org\/wp-content\/uploads\/2025\/12\/DILIFENCIAMIENTO-RUFINO-1024x974.jpg 1024w, https:\/\/sapra.org\/wp-content\/uploads\/2025\/12\/DILIFENCIAMIENTO-RUFINO-300x285.jpg 300w, https:\/\/sapra.org\/wp-content\/uploads\/2025\/12\/DILIFENCIAMIENTO-RUFINO-768x731.jpg 768w, https:\/\/sapra.org\/wp-content\/uploads\/2025\/12\/DILIFENCIAMIENTO-RUFINO-315x300.jpg 315w, https:\/\/sapra.org\/wp-content\/uploads\/2025\/12\/DILIFENCIAMIENTO-RUFINO.jpg 1179w\" sizes=\"auto, (max-width: 1024px) 100vw, 1024px\" \/><\/figure>\n\n\n\n<hr class=\"wp-block-separator has-alpha-channel-opacity\"\/>\n\n\n\n<p class=\"has-text-align-center has-accent-2-color has-text-color has-link-color has-normal-font-size wp-elements-ef5744ddd1fee4bc44d308742b2fc43e\"><strong>PROVINCIA CHACO- ROQUE SAENZ PE\u00d1A<\/strong><\/p>\n\n\n\n<p class=\"has-text-align-center has-headings-color has-text-color has-link-color wp-elements-50bb07f8d7dd092f112183306eaa646c\">Ejercicio profesional: CIVIL. FAMILIA. SUCESIONES. LABORAL. EJECUTIVOS: TE. +54 9 3644 653205.-<\/p>\n\n\n\n<figure class=\"wp-block-image size-large\"><img loading=\"lazy\" decoding=\"async\" width=\"1024\" height=\"1017\" src=\"https:\/\/sapra.org\/wp-content\/uploads\/2025\/12\/DILIGENCIAMIENTO-CHACHO-ROQUE-SAENZ-PENA-1024x1017.jpg\" alt=\"\" class=\"wp-image-1626\" srcset=\"https:\/\/sapra.org\/wp-content\/uploads\/2025\/12\/DILIGENCIAMIENTO-CHACHO-ROQUE-SAENZ-PENA-1024x1017.jpg 1024w, https:\/\/sapra.org\/wp-content\/uploads\/2025\/12\/DILIGENCIAMIENTO-CHACHO-ROQUE-SAENZ-PENA-300x298.jpg 300w, https:\/\/sapra.org\/wp-content\/uploads\/2025\/12\/DILIGENCIAMIENTO-CHACHO-ROQUE-SAENZ-PENA-150x150.jpg 150w, https:\/\/sapra.org\/wp-content\/uploads\/2025\/12\/DILIGENCIAMIENTO-CHACHO-ROQUE-SAENZ-PENA-768x763.jpg 768w, https:\/\/sapra.org\/wp-content\/uploads\/2025\/12\/DILIGENCIAMIENTO-CHACHO-ROQUE-SAENZ-PENA-1536x1526.jpg 1536w, https:\/\/sapra.org\/wp-content\/uploads\/2025\/12\/DILIGENCIAMIENTO-CHACHO-ROQUE-SAENZ-PENA-302x300.jpg 302w, https:\/\/sapra.org\/wp-content\/uploads\/2025\/12\/DILIGENCIAMIENTO-CHACHO-ROQUE-SAENZ-PENA.jpg 2048w\" sizes=\"auto, (max-width: 1024px) 100vw, 1024px\" \/><\/figure>\n\n\n\n<hr class=\"wp-block-separator has-alpha-channel-opacity\"\/>\n\n\n\n<p class=\"has-text-align-center has-text-color has-link-color wp-elements-5d92b5bf96b97846bff7dda3215b3308\" style=\"color:#07b156\"><strong>PROVINCIA DE TUCUMAN. <\/strong><\/p>\n\n\n\n<p class=\"has-text-align-center has-text-color has-link-color wp-elements-4541697ff15ddbdc4437f2e592117b72\" style=\"color:#07b156\"><strong>Dres. Roccuzzo Sof\u00eda &#8211; Isernia Hern\u00e1n<\/strong><\/p>\n\n\n\n<figure class=\"wp-block-image size-full\"><img loading=\"lazy\" decoding=\"async\" width=\"570\" height=\"864\" src=\"https:\/\/sapra.org\/wp-content\/uploads\/2025\/08\/IMG-20250807-WA0001.jpg\" alt=\"\" class=\"wp-image-1446\" srcset=\"https:\/\/sapra.org\/wp-content\/uploads\/2025\/08\/IMG-20250807-WA0001.jpg 570w, https:\/\/sapra.org\/wp-content\/uploads\/2025\/08\/IMG-20250807-WA0001-198x300.jpg 198w\" sizes=\"auto, (max-width: 570px) 100vw, 570px\" \/><\/figure>\n\n\n\n<hr class=\"wp-block-separator has-alpha-channel-opacity\"\/>\n\n\n\n<p class=\"has-text-align-center has-text-color has-link-color wp-elements-ce1242c53fcba9c6bcde10cb4f4e7ad1\" style=\"color:#ea11f7\"><strong>PROVINCIA<\/strong> <strong>DE CATAMARCA<\/strong><\/p>\n\n\n\n<figure class=\"wp-block-image size-large\"><img loading=\"lazy\" decoding=\"async\" width=\"819\" height=\"1024\" src=\"https:\/\/sapra.org\/wp-content\/uploads\/2025\/08\/DILIGENCIA-CATAMARCA-819x1024.jpg\" alt=\"\" class=\"wp-image-1464\" srcset=\"https:\/\/sapra.org\/wp-content\/uploads\/2025\/08\/DILIGENCIA-CATAMARCA-819x1024.jpg 819w, https:\/\/sapra.org\/wp-content\/uploads\/2025\/08\/DILIGENCIA-CATAMARCA-240x300.jpg 240w, https:\/\/sapra.org\/wp-content\/uploads\/2025\/08\/DILIGENCIA-CATAMARCA-768x960.jpg 768w, https:\/\/sapra.org\/wp-content\/uploads\/2025\/08\/DILIGENCIA-CATAMARCA.jpg 1080w\" sizes=\"auto, (max-width: 819px) 100vw, 819px\" \/><\/figure>\n\n\n\n<hr class=\"wp-block-separator has-alpha-channel-opacity\"\/>\n\n\n\n<p class=\"has-text-align-center has-text-color has-link-color wp-elements-ae9c9ee2d285e8727f1bf3e4859a13fa\" style=\"color:#0d7ef4\"><strong>PROVINCIA SANTA CRUZ- R\u00cdO GALLEGOS<\/strong><\/p>\n\n\n\n<figure class=\"wp-block-image size-large\"><img loading=\"lazy\" decoding=\"async\" width=\"1024\" height=\"683\" src=\"https:\/\/sapra.org\/wp-content\/uploads\/2025\/08\/IMG-20250821-WA0006-1024x683.jpg\" alt=\"\" class=\"wp-image-1481\" srcset=\"https:\/\/sapra.org\/wp-content\/uploads\/2025\/08\/IMG-20250821-WA0006-1024x683.jpg 1024w, https:\/\/sapra.org\/wp-content\/uploads\/2025\/08\/IMG-20250821-WA0006-300x200.jpg 300w, https:\/\/sapra.org\/wp-content\/uploads\/2025\/08\/IMG-20250821-WA0006-768x512.jpg 768w, https:\/\/sapra.org\/wp-content\/uploads\/2025\/08\/IMG-20250821-WA0006-421x281.jpg 421w, https:\/\/sapra.org\/wp-content\/uploads\/2025\/08\/IMG-20250821-WA0006.jpg 1536w\" sizes=\"auto, (max-width: 1024px) 100vw, 1024px\" \/><\/figure>\n\n\n\n<hr class=\"wp-block-separator has-alpha-channel-opacity\"\/>\n\n\n\n<p class=\"has-text-align-center has-text-color has-link-color wp-elements-19b2c64d9c0fffc8ecca3a206c91041e\" style=\"color:#7356f4\"><strong>PROVINCIA TIERRA DEL FUEGO<\/strong>. <\/p>\n\n\n\n<figure class=\"wp-block-image\"><img loading=\"lazy\" decoding=\"async\" width=\"940\" height=\"788\" src=\"https:\/\/sapra.org\/wp-content\/uploads\/2025\/07\/DILIGENCIAS-TIERRA-DEL-FUEGO.jpg\" alt=\"\" class=\"wp-image-1409\" srcset=\"https:\/\/sapra.org\/wp-content\/uploads\/2025\/07\/DILIGENCIAS-TIERRA-DEL-FUEGO.jpg 940w, https:\/\/sapra.org\/wp-content\/uploads\/2025\/07\/DILIGENCIAS-TIERRA-DEL-FUEGO-300x251.jpg 300w, https:\/\/sapra.org\/wp-content\/uploads\/2025\/07\/DILIGENCIAS-TIERRA-DEL-FUEGO-768x644.jpg 768w, https:\/\/sapra.org\/wp-content\/uploads\/2025\/07\/DILIGENCIAS-TIERRA-DEL-FUEGO-358x300.jpg 358w\" sizes=\"auto, (max-width: 940px) 100vw, 940px\" \/><\/figure>\n\n\n\n<p class=\"has-text-align-center has-text-color has-link-color has-large-font-size wp-elements-4c879267f31621083f3e45b18d95363e\" style=\"color:#f83011\">DILIGENCIAMIENTO PROVINCIA DE BUENOS AIRES<\/p>\n\n\n\n<p class=\"has-headings-color has-text-color has-link-color wp-elements-5192eed50aa2e531df35941f7e719036\">El Sindicato de Abogados cuenta con profesionales eficientes a cubrir las jurisdicciones que manejamos en la Provincia de Buenos Aires, brindandole una buena atenci\u00f3n como los colegas se lo merecen. <\/p>\n\n\n\n<p class=\"has-accent-2-color has-text-color has-link-color wp-elements-5374d671b805d91a10f18b4528d7dc75\"><strong>JURISDICCIONES: <\/strong><\/p>\n\n\n\n<ul class=\"wp-block-list\">\n<li class=\"has-headings-color has-text-color has-link-color wp-elements-a89617d103e66f5622a7ceca3e836b81\">AVELLANEDA<\/li>\n\n\n\n<li class=\"has-headings-color has-text-color has-link-color wp-elements-23fbef2ccd57b0ea4257728bbf080e16\">GENERAL RODRIGUEZ<\/li>\n\n\n\n<li class=\"has-headings-color has-text-color has-link-color wp-elements-a575297b784c88c5ec79a2e65c63d6bf\">LAN\u00daS<\/li>\n\n\n\n<li class=\"has-headings-color has-text-color has-link-color wp-elements-8f2e078e2680daa061bdfd8206e1f645\">LA MATANZA<\/li>\n\n\n\n<li class=\"has-headings-color has-text-color has-link-color wp-elements-24793b716db53511d84fcccaa5b7b543\">LA PLATA<\/li>\n\n\n\n<li class=\"has-headings-color has-text-color has-link-color wp-elements-a835a930863f58032ec892f007815fbd\">MORENO<\/li>\n\n\n\n<li class=\"has-headings-color has-text-color has-link-color wp-elements-ee7205a0bb050cdd941c9fc01966fc46\">MOR\u00d3N<\/li>\n\n\n\n<li class=\"has-headings-color has-text-color has-link-color wp-elements-5a093bc18fadc92f2915887f111043e7\">SAN MARTIN<\/li>\n<\/ul>\n\n\n\n<p><\/p>\n","protected":false},"excerpt":{"rendered":"<p>Los abogados que ejerzan la profesi\u00f3n dentro del sector privado, podr\u00e1n SIN COSTO, postular sus servicios en esta secci\u00f3n. BUSCAMOS generar una rueda laboral que<span class=\"excerpt-fade\"><\/span><\/p>\n","protected":false},"author":1,"featured_media":0,"parent":0,"menu_order":0,"comment_status":"closed","ping_status":"closed","template":"","meta":{"_themeisle_gutenberg_block_has_review":false,"_ti_tpc_template_sync":false,"_ti_tpc_template_id":"","footnotes":""},"class_list":["post-162","page","type-page","status-publish","hentry"],"_links":{"self":[{"href":"https:\/\/sapra.org\/wp-json\/wp\/v2\/pages\/162","targetHints":{"allow":["GET"]}}],"collection":[{"href":"https:\/\/sapra.org\/wp-json\/wp\/v2\/pages"}],"about":[{"href":"https:\/\/sapra.org\/wp-json\/wp\/v2\/types\/page"}],"author":[{"embeddable":true,"href":"https:\/\/sapra.org\/wp-json\/wp\/v2\/users\/1"}],"replies":[{"embeddable":true,"href":"https:\/\/sapra.org\/wp-json\/wp\/v2\/comments?post=162"}],"version-history":[{"count":47,"href":"https:\/\/sapra.org\/wp-json\/wp\/v2\/pages\/162\/revisions"}],"predecessor-version":[{"id":1629,"href":"https:\/\/sapra.org\/wp-json\/wp\/v2\/pages\/162\/revisions\/1629"}],"wp:attachment":[{"href":"https:\/\/sapra.org\/wp-json\/wp\/v2\/media?parent=162"}],"curies":[{"name":"wp","href":"https:\/\/api.w.org\/{rel}","templated":true}]}}