{"id":1569,"date":"2025-11-13T13:51:42","date_gmt":"2025-11-13T16:51:42","guid":{"rendered":"https:\/\/sapra.org\/?page_id=1569"},"modified":"2025-11-29T10:40:29","modified_gmt":"2025-11-29T13:40:29","slug":"datos-utiles","status":"publish","type":"page","link":"https:\/\/sapra.org\/index.php\/datos-utiles\/","title":{"rendered":"Datos \u00fatiles"},"content":{"rendered":"\n<p class=\"has-text-align-center has-text-color has-link-color has-large-font-size wp-elements-921e4200aa054016cf785c7ed82ee347\" style=\"color:#f32a2a\">BUS FEDERAL: www.bus-justicia.org.ar <\/p>\n\n\n\n<p class=\"has-headings-color has-text-color has-link-color wp-elements-ab9cc1f89dfd238c9b46c941453cbedb\">A trav\u00e9s de esta plataforma la Provincias Adheridas: CABA, BS AS, RIO NEGRO, CHUBUT, LA PAMPA, SAN LUIS, SAN JUAN, MENDOZA, ENTRE RIOS, CORDOBA, NEUQUEN, SALTA, CORRIENTES, CHACO, FORMOSA, podr\u00e1n enviar sus c\u00e9dulas ley a los distintos departamentos judiciales de Buenos Aires.<\/p>\n\n\n\n<p class=\"has-headings-color has-text-color has-link-color wp-elements-3f6121a17e43cc1fa60745add04b63ba\">Resolucion N\u00b0 1481\/2023 dispone el domicilio electronico c\u00e9dulas Bus Federal: dgmandamientos@jusbuenosaires.gov.ar <\/p>\n\n\n\n<p class=\"has-headings-color has-text-color has-link-color wp-elements-7114bee602522506422ef07b0cc5966b\">Modo de solicitarlo: por ante Secretar\u00eda del Juzgado\/Tribunal de origen.<\/p>\n\n\n\n<p class=\"has-text-align-center has-text-color has-link-color has-large-font-size wp-elements-ecabf12df76a96d7e8987a903f0690a7\" style=\"color:#f2291b\">OFICINA DE MANDAMIENTOS Y DILIGENCIAMIENTO LA MATANZA:<\/p>\n\n\n\n<p class=\"has-text-align-center has-headings-color has-text-color has-link-color wp-elements-c02ee4ce938e2c5dbd594f8a4b2171c2\"> Dispone que las C\u00e9dulas Ley 22.172 se deber\u00e1n mandar v\u00eda email al siguiente correo electronico: dgmandnot@jusbuenosaires.gov.ar<\/p>\n\n\n\n<p><\/p>\n\n\n\n<p class=\"has-text-align-center has-text-color has-link-color has-large-font-size wp-elements-3222e282618c3e5a98a3d39ad854f245\" style=\"color:#ec1111\">MATERIA PREVISIONAL<\/p>\n\n\n\n<p class=\"has-text-align-center has-headings-color has-text-color has-link-color wp-elements-01be9ed4e656d6ece1e2f52b3a247577\">El MONTO DE BAGATELLA es: $37.831,31 (octubre 2025)<\/p>\n\n\n\n<p class=\"has-headings-color has-text-color has-link-color wp-elements-989c8388a51b1b346bb30e3b9c9da3f1\">* En que momentos se aplica: cuando no se pagaron debidamente los intereses en aportes de Servicio Domestivo (SDM).<\/p>\n\n\n\n<p class=\"has-headings-color has-text-color has-link-color wp-elements-479aef67144c666984b7871564bc228b\">* Se utiliza el F.575 que debe confeccionarse un formulario por cada mes\/a\u00f1o.<\/p>\n\n\n\n<p class=\"has-headings-color has-text-color has-link-color wp-elements-3be96664fce1048ad029d6e6cbbe5dde\">* Una vez abonados los intereses, se espera un plazo prudencial, se refresca el sicam y aparecen los interese impactados. <\/p>\n\n\n\n<p class=\"has-headings-color has-text-color has-link-color wp-elements-80288c43303fa31941fd8f9abb860fd3\">* En la pantalla del SICAM debe darle 0. <\/p>\n\n\n\n<p><\/p>\n","protected":false},"excerpt":{"rendered":"<p>BUS FEDERAL: www.bus-justicia.org.ar A trav\u00e9s de esta plataforma la Provincias Adheridas: CABA, BS AS, RIO NEGRO, CHUBUT, LA PAMPA, SAN LUIS, SAN JUAN, MENDOZA, ENTRE<span class=\"excerpt-fade\"><\/span><\/p>\n","protected":false},"author":1,"featured_media":0,"parent":0,"menu_order":0,"comment_status":"closed","ping_status":"closed","template":"","meta":{"_themeisle_gutenberg_block_has_review":false,"_ti_tpc_template_sync":false,"_ti_tpc_template_id":"","footnotes":""},"class_list":["post-1569","page","type-page","status-publish","hentry"],"_links":{"self":[{"href":"https:\/\/sapra.org\/index.php\/wp-json\/wp\/v2\/pages\/1569","targetHints":{"allow":["GET"]}}],"collection":[{"href":"https:\/\/sapra.org\/index.php\/wp-json\/wp\/v2\/pages"}],"about":[{"href":"https:\/\/sapra.org\/index.php\/wp-json\/wp\/v2\/types\/page"}],"author":[{"embeddable":true,"href":"https:\/\/sapra.org\/index.php\/wp-json\/wp\/v2\/users\/1"}],"replies":[{"embeddable":true,"href":"https:\/\/sapra.org\/index.php\/wp-json\/wp\/v2\/comments?post=1569"}],"version-history":[{"count":7,"href":"https:\/\/sapra.org\/index.php\/wp-json\/wp\/v2\/pages\/1569\/revisions"}],"predecessor-version":[{"id":1599,"href":"https:\/\/sapra.org\/index.php\/wp-json\/wp\/v2\/pages\/1569\/revisions\/1599"}],"wp:attachment":[{"href":"https:\/\/sapra.org\/index.php\/wp-json\/wp\/v2\/media?parent=1569"}],"curies":[{"name":"wp","href":"https:\/\/api.w.org\/{rel}","templated":true}]}}