{"id":1518,"date":"2025-09-08T00:52:06","date_gmt":"2025-09-08T03:52:06","guid":{"rendered":"https:\/\/sapra.org\/?page_id=1518"},"modified":"2026-02-19T18:55:10","modified_gmt":"2026-02-19T21:55:10","slug":"new-tecnologico","status":"publish","type":"page","link":"https:\/\/sapra.org\/index.php\/new-tecnologico\/","title":{"rendered":"New tecnol\u00f3gico"},"content":{"rendered":"\n<p class=\"has-text-align-center has-text-color has-link-color has-large-font-size wp-elements-821270ca429b3c316785bf0899faf0d0\" style=\"color:#f31707\"><strong>Un fallo de la C\u00e1mara Civil y Comercial de Rosario encendi\u00f3 la alarma <\/strong><\/p>\n\n\n\n<p class=\"has-text-align-center has-accent-2-color has-sitebg-background-color has-text-color has-background has-link-color has-large-font-size wp-elements-685264016c94e22130a62cb3ad5123d4\">\u00abUn abogado utiliz\u00f3 la IA sin verificar los datos y el Tribunal calific\u00f3 su conducta de riesgosa y contraria a la \u00e9tica\u00bb.<\/p>\n\n\n\n<p class=\"has-headings-color has-text-color has-link-color wp-elements-cfe8c5c238182ea37b54b6e7d623f3dd\">La Sala II de la C\u00e1mara de Apelaci\u00f3n en lo Civil y Comercial de Rosario, en un caso judicial de da\u00f1os y perjuicios, sento un precedente contra la Inteligencia Artificial. Por primera vez, el tribunal reprendi\u00f3 a un abogado por haber incorporado en su escrito citas jurisprudenciales inexistentes, generadas por inteligencia artificial que nunca fueron verificadas.<\/p>\n\n\n\n<p class=\"has-headings-color has-text-color has-link-color wp-elements-e301ea2360d9f1f87251f5c76c0f0c4a\">El tribunal no dud\u00f3 en <strong>calificar la conducta como riesgosa y contraria a la \u00e9tica profesional.<\/strong> En palabras de la sentencia: \u201cTal actitud, a\u00fan de buena fe, <em>compromete la responsabilidad profesional del letrado no s\u00f3lo ante el tribunal sino, especialmente, respecto de su cliente (\u2026)<\/em> pues no puede haber consentimiento v\u00e1lido alguno que releve a un letrado de su deber de cotejar las fuentes en las que basa sus posiciones jur\u00eddicas\u201d.<\/p>\n\n\n\n<p class=\"has-headings-color has-text-color has-link-color wp-elements-3b77cf6e07d814a3415f6fd23b197f3e\">La resoluci\u00f3n tambi\u00e9n record\u00f3 las Normas de \u00c9tica Profesional del Abogado publicadas por el Colegio de Abogados de Rosario, cuya segunda regla es la de probidad: \u201cno importa tan s\u00f3lo correcci\u00f3n desde el punto de vista pecuniario: requiere adem\u00e1s lealtad personal, veracidad, buena fe\u201d. Y fue m\u00e1s all\u00e1, oficiando al Colegio a fin de que adopte medidas preventivas. <\/p>\n\n\n\n<p class=\"has-headings-color has-text-color has-link-color wp-elements-7dc77af9d61378d47479dd1b3f774efa\">El 27 de junio de 2025, visualizamos una reflexi\u00f3n sobre este tema de la mano del expositor Mario Covarrubias Jurado en la cual hac\u00eda referencia a que estamos en presencia de una \u201camenaza silenciosa\u00bb.<\/p>\n\n\n\n<p class=\"has-headings-color has-text-color has-link-color wp-elements-220b70448d39d37d2a28e227b406b93f\">El n\u00facleo del problema radica en que la profesi\u00f3n ha entrado en piloto autom\u00e1tico y el abogado lentamente est\u00e1 perdiendo el arte del razonamiento jur\u00eddico. El derecho no es una simple t\u00e9cnica de recuperaci\u00f3n de informaci\u00f3n, sino un ejercicio complejo de interpretaci\u00f3n, ponderaci\u00f3n y argumentaci\u00f3n. Cuando esa tarea se sustituye por la transcripci\u00f3n autom\u00e1tica de lo que devuelve una m\u00e1quina, lo que se erosiona no es solo la calidad del escrito, sino el rol intelectual del abogado mismo.<\/p>\n\n\n\n<p class=\"has-text-align-center has-text-color has-link-color has-large-font-size wp-elements-4f6b4e953cf0aff93010b0c0176827b6\" style=\"color:#f91c0c\">NUESTRAS CONSIDERACIONES<\/p>\n\n\n\n<p class=\"has-headings-color has-text-color has-link-color wp-elements-1034e1ef4a7cb03ad0215115ea9703f6\">El futuro tecnologico se encuentra en ascenso, sin embargo hemos detectado como el internet te vende las diferentes alternativas de inteligencia artificial existentes. <\/p>\n\n\n\n<p class=\"has-headings-color has-text-color has-link-color wp-elements-63c20d43afd3180ffd2a0920fd6bed5b\">Hemos visualizado en varias plataformas virtuales, que muchos profesionales han creado sistemas de automatizaci\u00f3n con implementacion de IA, con el fin de proyectar menor carga de trabajo en sus estudios. Estas propuestas que se remiten a carga de jurisprudencia, bibliografia y modelos de escritos est\u00e1n creciendo en popularidad. <\/p>\n\n\n\n<p class=\"has-headings-color has-text-color has-link-color wp-elements-9fb882aa8ccc529f4574ca83d11fe23a\">En este perfil, vislumbramos algunas cuestiones: a) Capacitaci\u00f3n, b) Probidad.<\/p>\n\n\n\n<p class=\"has-text-color has-link-color has-large-font-size wp-elements-05a5247272ea2ae7c08d0675fd70687c\" style=\"color:#44d34e\"><strong>Capacitaci\u00f3n<\/strong> <\/p>\n\n\n\n<p class=\"has-headings-color has-text-color has-link-color wp-elements-f893d6685d0cce6cde2f33a04ddb7a66\">Si nos remontamos a la evoluci\u00f3n pr\u00e1ctica del abogado, sabremos que de los escritos de pu\u00f1o y letra, se paso a la m\u00e1quina de escribir, luego a la computadora, alli se tuvo que capacitar el profesional para continuar con el avance tecnol\u00f3gico. Desde el 2015 aparecieron cambios en la incorporaci\u00f3n de escritos electr\u00f3nicos, donde toda la colegiaci\u00f3n de abogados dispusieron de su tiempo y personal para capacitar a los profesionales en esta nueva modalidad que era parte del futuro. <\/p>\n\n\n\n<p class=\"has-headings-color has-text-color has-link-color wp-elements-3f853fb826c62f524c7dbfbbcb76206d\">Muchos colegas, estuvieron negados a aprender la digitalizaci\u00f3n de documentos y escritos judiciales, pero la teconolog\u00eda no espera a nadie. Si no te modernizas, los letrados que salen de la facultad con todas las herramientas que t\u00fa no quieres aprender, son los que mejor se posicionan en el mercado laboral. As\u00ed que, esos colegas tuvieron que aprender las herramientas inform\u00e1ticas a medida que el derecho avanzaba. <\/p>\n\n\n\n<p class=\"has-headings-color has-text-color has-link-color wp-elements-7fda945cd2df6f7d22db83a648b1eda9\">Desde hace unos a\u00f1os se comenzo a mencionar mucho la utilizaci\u00f3n de la Inteligencia Artificial. Actualmente, es furor en las redes sociales. No muchos colegas estan familiarizados con esta nueva herramienta. <\/p>\n\n\n\n<p class=\"has-headings-color has-text-color has-link-color wp-elements-de3f94d55a2bb5d6f9545714efa590c6\">La colegiaci\u00f3n de abogados no sali\u00f3 a capacitar esta \u00e1rea a los colegas con mayor trascendencia, algunos solo mencionaron en sus p\u00e1ginas web como redactar un Prompts o que le facilitaban los mejores Prompts que le permitir\u00edan al profesional manejar eficientemente la Inteligencia Artificial. <\/p>\n\n\n\n<p class=\"has-headings-color has-text-color has-link-color wp-elements-c23d2678349fad50b3b1e7d6d4cd95e7\">En funci\u00f3n del Fallo de Rosario, podemos advertir que el profesional no fue capacitado eficientemente por la colegiaci\u00f3n. El \u00fanico perjudicado fue el trabajador abogado.<\/p>\n\n\n\n<p class=\"has-text-color has-link-color has-large-font-size wp-elements-5fcfddd1cf3cdba87f1ccdf8df7380fe\" style=\"color:#5be05b\"><strong>Probidad<\/strong><\/p>\n\n\n\n<p class=\"has-headings-color has-text-color has-link-color wp-elements-abe3cb40fdc271a64eab5ed9deb80855\">Muchos creen que una de las profesiones que podr\u00eda en un futuro desaparecer es la nuestra: el abogado.<\/p>\n\n\n\n<p class=\"has-headings-color has-text-color has-link-color wp-elements-6cabac9c030b29ec7c7b85ac450fc2dc\">Que importancia aprender a manejar correctamente la Inteligencia Artificial, para evitar en la posteridad la inexistencia de abogados. <\/p>\n\n\n\n<p class=\"has-headings-color has-text-color has-link-color wp-elements-08a4ebda637171c9dfc0c3d842a3f1fe\">Hemos notado en muchos aspectos, que se refieren a que nuestra profesi\u00f3n puede ser totalmente reemplaza, porque la IA puede asesorar a\u00fan no estando presentes nosotros.<\/p>\n\n\n\n<p class=\"has-headings-color has-text-color has-link-color wp-elements-a32dd79c3d9c48ef721dc3546780fb94\">Lo cierto es que el abogado como trabajador idoneo es muy esencial dentro de la organizaci\u00f3n politica y el Estado de derecho. Existen muchos factores que nosotros podemos realizar y que tal vez una m\u00e1quina no podr\u00eda superarnos. La paradoja es que la m\u00e1quina misma es creada y monitoreada por una persona humana.<\/p>\n\n\n\n<p class=\"has-headings-color has-text-color has-link-color wp-elements-69eb72b31ceb551bd9560aadddb0d195\">Por lo tanto, todo material juridico sea buscado por nuestros medios o a trav\u00e9s de la utilizaci\u00f3n de productos realizados por pares, deben ser chequeados. Sino nuestra propia inteligencia edifica nuestra torpeza, erradicando un perjuicio a los clientes que representamos. <\/p>\n\n\n\n<p class=\"has-text-align-center has-accent-2-color has-text-color has-link-color has-large-font-size wp-elements-660d0d41f03937d90fb0bb325977147a\"><strong>REINCIDENCIA&#8230;.<\/strong><\/p>\n\n\n\n<p class=\"has-text-align-center has-text-color has-link-color has-large-font-size wp-elements-25adefdcc98d5779a957d88d83e8f509\" style=\"color:#f11616\"><strong>OTRO CASO P\u00d3LEMICO <\/strong>de un letrado que cito jurisprudencia inexistente utilizando la Inteligencia Artificial<\/p>\n\n\n\n<p class=\"has-text-align-center has-text-color has-link-color has-large-font-size wp-elements-31bceb85c01ede0c35b7a1255c73ab83\" style=\"color:#98ed3c\">OCURRIDO ESTA VEZ EN EL CONURBANO DE LA PROVINCIA DE BUENOS AIRES: <\/p>\n\n\n\n<p class=\"has-text-align-center has-text-color has-link-color has-large-font-size wp-elements-7213c6d1c3873fdda5ea42d831a3e2e7\" style=\"color:#98ed3c\"><strong>EN EL DEPARTAMENTO JUDICIAL DE MORON<\/strong><\/p>\n\n\n\n<p class=\"has-headings-color has-text-color has-link-color wp-elements-d071281ab1b89c320f14806d61d12ef4\">La nota nos relata un caso que aconteci\u00f3 en la C\u00e1mara Civil y Comercial de Moron, Sala I: en donde se le declaro desierto el recurso a la parte actora por citar jurisprudencia inexistente redactado con la IA, con costas al apelante. <\/p>\n\n\n\n<p class=\"has-headings-color has-text-color has-link-color wp-elements-68182877f57a52a04207eac2acf20e0a\">Si bien el Tribunal no considero acertado penalizar al letrado, si le profirio una advertencia a la Colegiaci\u00f3n de Mor\u00f3n.<\/p>\n\n\n\n<p class=\"has-headings-color has-text-color has-link-color wp-elements-ba95edde3c0cc9c98205e273d0c0ae8f\">Nuestra postura en varias notas periodisticas similares es que hay una brecha inmensa entre la intelectualidad y la tecnolog\u00eda que se desarrolla velozmente. <\/p>\n\n\n\n<p class=\"has-headings-color has-text-color has-link-color wp-elements-daa14202c6b58fb2a18c61f20fa7212f\">Existe una gran responsabilidad de parte de la Colegiaci\u00f3n de Abogados de impartir capacitaciones de manera inmediata teniendo presente lo novedoso de esta nueva herramienta. <\/p>\n\n\n\n<p class=\"has-headings-color has-text-color has-link-color wp-elements-72da85ba6c97131eb50fbc168ff77eac\">Dejar al arbitrio de los propios colegas la actualizaci\u00f3n inform\u00e1tica, luego de que ya acontece aplicaciones contruidas por otros colegas del mismo sector que aminorizan la carga horaria con las automatizaciones en cuanto a jurisprudencia, modelos de escritos, organizaci\u00f3n de agendas, de estudios juridicos, etc. Una herramienta bien utilizada prioriza el tiempo empleado.<\/p>\n\n\n\n<p class=\"has-headings-color has-text-color has-link-color wp-elements-6b55bdfd9ae6d6d6686adb54d095a3a8\">No estamos en contra de aquellos profesionales que encontraron la manera de entablar un nuevo negocio para agilizar el trabajo a sus pares, que hoy son cada vez m\u00e1s lo que vemos por las redes sociales.<\/p>\n\n\n\n<p class=\"has-headings-color has-text-color has-link-color wp-elements-b7455e1418c3cb80f1625cc1099e2726\">Sin embargo, tenemos que ser cuidadosos al momento de utilizar la Inteligencia Artificial en nuestros escritos, siempre tenemos que chequear las citas jurisprudenciales para no caer en la misma trampa y que este mecanismo de falta de observaci\u00f3n se normalice. <\/p>\n\n\n\n<p class=\"has-headings-color has-text-color has-link-color wp-elements-c049424e625dbe4f1832c13f4f23a8e1\">En algunas capacitaciones jur\u00eddicas no impartidas por abogados, nos intruyen desde el Chat GTP que podemos cargar nuestros escritos y pedir que la IA nos arroje un resultado m\u00e1s eficaz, o solicitarle a la IA que nos entregue un modelo de escrito juridico especifico. <\/p>\n\n\n\n<p class=\"has-headings-color has-text-color has-link-color wp-elements-ef490e3c2d97350e66f03efd41b3f02b\">La revoluci\u00f3n de las nuevas herramientas informaticas con la que contamos en el trajin diario, tienen que ser utilizados coherentemente evitando un mal mayor.<\/p>\n\n\n\n<p class=\"has-headings-color has-text-color has-link-color wp-elements-ba5e71e84f390b9a92f39007ba53e4f5\">El Tribunal hizo aluci\u00f3n al caso norteamericano \u00abMata v. Avianca\u00bb en la cual se utilizo precedente inexistentes resultando en un inadecuado uso de sistema de inteligencia artificial generativa por parte de los profesionales.<\/p>\n\n\n\n<p class=\"has-headings-color has-text-color has-link-color wp-elements-4128f0defe310c0c1d99da8327f3116d\">El antecedente jurisprudencia traido de Estados Unidos, es una clara evidencia que en Argentina esta pasando. Copiar patrones dejando de lado la argumentaci\u00f3n y redacci\u00f3n intelectual que caracteriza al ser humano, nos puede llevar a olvidarnos de la \u00e9tica  y el decoro profesional, como a perder un juicio por nuestra propia imprudencia. <\/p>\n\n\n\n<p class=\"has-headings-color has-text-color has-link-color wp-elements-0e1a5883ab8b75a053fe7bf3af9bccb1\">Cabe concluir, que si aprendemos a utilizar muy bien esta herramienta informatica no pequemos de chequear las citas jurisprudenciales, para que nuestro trabajo sea impecable frente a nuestros clientes. <\/p>\n\n\n\n<h2 class=\"wp-block-heading has-text-align-center has-text-color has-link-color has-large-font-size wp-elements-51a16ab21fcab1659ac2e39dfb5e0d11\" style=\"color:#f90404\">NUEVO CASO DE CITAS FALSAS CON CONSECUENCIAS PARA EL LETRADO<\/h2>\n\n\n\n<p class=\"has-text-align-center has-headings-color has-text-color has-link-color wp-elements-2224d15d142e86cfc8c1be65dc0c7088\"><strong>El caso sucito en General Roca, Provincia de R\u00edo Negro en un caso sumarisimo, \u00abla C\u00e1mara de Apelaciones en lo Civil y Comercial, Familia, y Miner\u00eda de General Roca detecto 26 citas inexistentes en un escrito de apelaci\u00f3n redactado con Inteligencia Artificial de parte de ambos letrados en donde se decidi\u00f3 que no cobraren honorarios\u00bb.<\/strong><\/p>\n\n\n\n<p class=\"has-headings-color has-text-color has-link-color wp-elements-a030eb8df76a40037de6278ab53a2e25\">Luego de una exhautiva b\u00fasqueda en la Biblioteca del Poder Judicial y en los registros del Superior Tribunal de Justicia, los jueces determinaron que ninguna de las citas pudo ser verificada y solicit\u00f3 a los letrados que especifiquen el origen de las fuentes de las citas textuales atribuidas a tribunales de la provincia.<\/p>\n\n\n\n<p class=\"has-headings-color has-text-color has-link-color wp-elements-c7986bac3474725a39cc600bd25e8268\">Las consecuencias que motivo el accionar de los letrados por parte de los jueces es remitir el caso al Tribunal de \u00e9tica del Colegio de Abogados, anular su intervenci\u00f3n en la instancia y no pagarle honorarios. <\/p>\n\n\n\n<p class=\"has-headings-color has-text-color has-link-color wp-elements-193a3a61cd3b9368292e8372f64fb3da\">Es preocupante ver cada vez m\u00e1s casos similares en diferentes provincias de nuestra Rep\u00fablica Argentina, en donde los abogados utilizan de mal manera el uso de la Inteligencia Artificial. <\/p>\n\n\n\n<p class=\"has-headings-color has-text-color has-link-color wp-elements-8cfb5fdaa3ce6fc2b1beb5a9591ffa61\">La remisi\u00f3n de los tribunales al Colegio de Abogados es un claro indicio que ellos son los que tienen que velar por la \u00e9tica del ejercicio profesional de sus matriculados, son responsables en la falta de capacitaci\u00f3n y en los llamados de atenci\u00f3n cuando ocurren estos casos particulares. <\/p>\n\n\n\n<p class=\"has-headings-color has-text-color has-link-color wp-elements-b957a825e98f641c5f310fe745a0aab2\">Sin embargo, convengamos que la herramienta tecnol\u00f3gica moderna que se implemento en nuestras vidas, aun los legisladores no pudieron implementar medidas juridicas respecto al mecanismo de utilizaci\u00f3n ni se encuentra reglamentado, generando un vacio legal imponente. Por lo cual, tambi\u00e9n tenemos que considerar que estos casos aislados pero pronunciados escapan de la esfera de la Colegiaci\u00f3n de abogados. <\/p>\n\n\n\n<p class=\"has-headings-color has-text-color has-link-color wp-elements-2c8007704e1a47db645d6f1e8a65c034\">En cuanto al campo propiamente judicial, nos encontramos con paradigmas sin resolver, en la que Tribunal en varias ocasiones llamo a reflexionar al letrado en su actuaci\u00f3n, solicit\u00e1ndole la verificaci\u00f3n exhautiva de las citas para evitar males mayores. Resultado que no se tomaron en cuenta, sea por el apuro o por confiar en plataformas de automatizaci\u00f3n adquiridas que los lleva a pecar su acci\u00f3n de buena fe. Como esta pasando donde se le anula su intervenci\u00f3n en el caso. <\/p>\n\n\n\n<p class=\"has-headings-color has-text-color has-link-color wp-elements-22f831fdf6edc35b886ec70775de786f\">\u00bfQu\u00e9 implica que el Tribunal le anule la intervenci\u00f3n al letrado en una causa judicial? Simple, cualquier presentaci\u00f3n que realice en pos de proteger el derecho de su cliente queda anulado, teniendosela por no presentado. <\/p>\n\n\n\n<p class=\"has-headings-color has-text-color has-link-color wp-elements-d79587b352e2364d1a9189ea1dccf291\">\u00bfQuienes quedan alcanzados por esas consecuencias? Por un lado el cliente, que puede llegar a perder el caso. Por el otro, los abogados pierden m\u00e1s, no solo los honorarios sino la credibilidad de su accionar en el caso.<\/p>\n\n\n\n<p class=\"has-text-align-center has-text-color has-link-color has-large-font-size wp-elements-efde27ebb771cfde54252fcca44b1feb\" style=\"color:#df1608\">El m\u00e1s vulnerable en esta relaci\u00f3n es el Abogado\/a porque queda interrumpido el pago de sus honorarios.<\/p>\n\n\n\n<p class=\"has-headings-color has-text-color has-link-color wp-elements-0c056c52a83be6079e400c9c280f6889\">Los honorarios como lo hemos explicado en otras secciones es el eslabon primordial en la cadena del trabajo de los abogado\/as. Todos los trabajos son onerosos, desde el asesoramiento jur\u00eddico, vista de un expediente, realizaci\u00f3n de un juicio, entre otros asuntos legales.<\/p>\n\n\n\n<p class=\"has-headings-color has-text-color has-link-color wp-elements-6bef03cfb95e3390b2d61188ab4c44be\">El solo hecho de iniciar y\/o ejecutar una causa judicial, la labor del trabajador abogado tiene un costo que debe ser solventado por el cliente. <\/p>\n\n\n\n<p class=\"has-headings-color has-text-color has-link-color wp-elements-76f93ff3269a929382d2c06897747fb7\">El pago de honorarios debe tener un inicio, un nudo y un desenlace. No debe quedar supeditado a la resoluci\u00f3n del conflicto ni a la decisi\u00f3n de un juez. <\/p>\n\n\n\n<p class=\"has-headings-color has-text-color has-link-color wp-elements-6bd2077ca9d104b4522b5434120e049c\">Estamos informados, que muchos colegas no le cobran a los clientes el inicio de su trabajo, o especulan con el resultado. Tambi\u00e9n se dan los casos que si el resultado es negativo, los letrados no cobran por sus servicios legales, porque se aferran a una disposici\u00f3n inexistente que no esta contemplado en ninguna base legal que estipulen ese tipo de contrato. <\/p>\n\n\n\n<p class=\"has-headings-color has-text-color has-link-color wp-elements-345367544aee8d7e04a1012d3b2fc5d9\">Abogamos por el buen empleo del manejo de la IA como en la verificaci\u00f3n exhautiva de las citas jurisprudenciales, para evitar caer en acciones indecorosas de \u00e9tica profesional frente a nuestros pares. <\/p>\n\n\n\n<p class=\"has-text-align-center has-text-color has-link-color has-large-font-size wp-elements-d305c67ae6e4dac171572681ad660d59\" style=\"color:#f41c0d\">LA VARA VA EN ASCENSO&#8230;<\/p>\n\n\n\n<p class=\"has-headings-color has-text-color has-link-color wp-elements-95d908f23d443a45424e8c86b643b60d\">En esta oportunidad, los llamados de atenci\u00f3n a los respectivos Colegios de Abogados no son el blanco. <\/p>\n\n\n\n<p class=\"has-headings-color has-text-color has-link-color wp-elements-363d068686a2763dafdd495bd9a9a13d\">Tengamos en cuenta estos primeros antecedentes de sanciones monetarias aplicadas a los abogados\/as de diferente jurisdicci\u00f3n, que hoy representan la punta del iceberg.<\/p>\n\n\n\n<p class=\"has-headings-color has-text-color has-link-color wp-elements-4aace1c2447b2a3eb860d622f0b1e66d\"><strong>MULTA ARGENTINA: $620.000.<\/strong> Causa: Temeridad por presentar 6 citas jurisprudenciales inexistentes.<\/p>\n\n\n\n<p class=\"has-headings-color has-text-color has-link-color wp-elements-73e173a5fa1d5caeca6c4016a17a5bdf\"><strong>MULTA CHILE: 1 UTM ($69.611).<\/strong> Causa: Presentaci\u00f3n de citas jurisprudenciales inexistentes.<\/p>\n\n\n\n<p class=\"has-headings-color has-text-color has-link-color wp-elements-c9c2e5a4b29585e10a8644dcdf690f49\"><strong>MULTA COLOMBIA $26.250.000<\/strong>. Causa: Temeridad por no revisar fuentes ni informacion aplicado en un Recurso<\/p>\n\n\n\n<p class=\"has-headings-color has-text-color has-link-color wp-elements-3e17d9fadc6ba31978a8f270578b2480\">Normalizar la costumbre de utilizar la Inteligencia Artificial para acortar tiempo y trabajo a los letrados, significativamente se vuelve preocupante. Su mala utilizaci\u00f3n los esta llevando a una dependencia neuronal.<\/p>\n\n\n\n<p class=\"has-headings-color has-text-color has-link-color wp-elements-69a94ce633fc6d17589e3a72c7140d69\">Las multas en s\u00ed mismas son golpes adicionales al bolsillo de todo letrado, si a eso se le suma una sanci\u00f3n disciplinaria de los colegios, pueden perder los a\u00f1os de sacrificio que le costo completar la carrera de grado y aplicar en el trabajo. <\/p>\n\n\n\n<p class=\"has-headings-color has-text-color has-link-color wp-elements-d7c1c620e7918acff6f9bae586bafc53\">En estos aspectos, los abogados est\u00e1n en el ojo viral de las redes. Se pone en tela de juicio su reputaci\u00f3n y sus honorarios. <\/p>\n\n\n\n<p class=\"has-text-align-center has-text-color has-link-color has-normal-font-size wp-elements-6f935c984850ea2500620f9a525aeaa4\" style=\"color:#f82515\">Los llamados de atenci\u00f3n son para todos los abogado\/as de ejercicio profesional privado:<\/p>\n\n\n\n<p class=\"has-headings-color has-text-color has-link-color wp-elements-942d3ce08127d85af7e062fbd039bcd4\">* Lean el contenido de sus escritos antes de presentarlos aunque tengan un vencimiento.<\/p>\n\n\n\n<p class=\"has-headings-color has-text-color has-link-color wp-elements-084d651537e86340a951db64a5ad0106\">* Revean todas las citas jurisprudenciales. <\/p>\n\n\n\n<p class=\"has-headings-color has-text-color has-link-color wp-elements-b9dd1020a7c2e0a71f7431a09619491e\">* Si compran automatizaciones de pares, usenlo adecuadamente. <\/p>\n\n\n\n<p class=\"has-headings-color has-text-color has-link-color wp-elements-de9d31a35e064cb77f3c4c24fdab2928\">Somos los trabajadores id\u00f3neos que representamos a nuestros clientes, demos el ejemplo. <\/p>\n\n\n\n<p class=\"has-headings-color has-text-color has-link-color wp-elements-b6784e3ea9e4a9efa28e954301dc5f7d\">#No permitas que otro colega te denuncie por el mal uso de la Inteligencia Artificial.<\/p>\n\n\n\n<p class=\"has-headings-color has-text-color has-link-color wp-elements-e2fa8b69af22f42b6dd54487b69fb816\">#No permitas que la Inteligencia Artificial sea tu jefe y t\u00fa pagues las consecuencias. <\/p>\n\n\n\n<p><\/p>\n","protected":false},"excerpt":{"rendered":"<p>Un fallo de la C\u00e1mara Civil y Comercial de Rosario encendi\u00f3 la alarma \u00abUn abogado utiliz\u00f3 la IA sin verificar los datos y el Tribunal<span class=\"excerpt-fade\"><\/span><\/p>\n","protected":false},"author":1,"featured_media":0,"parent":0,"menu_order":0,"comment_status":"closed","ping_status":"closed","template":"","meta":{"_themeisle_gutenberg_block_has_review":false,"_ti_tpc_template_sync":false,"_ti_tpc_template_id":"","footnotes":""},"class_list":["post-1518","page","type-page","status-publish","hentry"],"_links":{"self":[{"href":"https:\/\/sapra.org\/index.php\/wp-json\/wp\/v2\/pages\/1518","targetHints":{"allow":["GET"]}}],"collection":[{"href":"https:\/\/sapra.org\/index.php\/wp-json\/wp\/v2\/pages"}],"about":[{"href":"https:\/\/sapra.org\/index.php\/wp-json\/wp\/v2\/types\/page"}],"author":[{"embeddable":true,"href":"https:\/\/sapra.org\/index.php\/wp-json\/wp\/v2\/users\/1"}],"replies":[{"embeddable":true,"href":"https:\/\/sapra.org\/index.php\/wp-json\/wp\/v2\/comments?post=1518"}],"version-history":[{"count":10,"href":"https:\/\/sapra.org\/index.php\/wp-json\/wp\/v2\/pages\/1518\/revisions"}],"predecessor-version":[{"id":1809,"href":"https:\/\/sapra.org\/index.php\/wp-json\/wp\/v2\/pages\/1518\/revisions\/1809"}],"wp:attachment":[{"href":"https:\/\/sapra.org\/index.php\/wp-json\/wp\/v2\/media?parent=1518"}],"curies":[{"name":"wp","href":"https:\/\/api.w.org\/{rel}","templated":true}]}}