{"id":1469,"date":"2025-08-19T21:30:32","date_gmt":"2025-08-20T00:30:32","guid":{"rendered":"https:\/\/sapra.org\/?page_id=1469"},"modified":"2025-09-07T23:19:18","modified_gmt":"2025-09-08T02:19:18","slug":"new-denuncia-abogados","status":"publish","type":"page","link":"https:\/\/sapra.org\/index.php\/new-denuncia-abogados\/","title":{"rendered":"New  denuncia -abogados"},"content":{"rendered":"\n<p class=\"has-text-align-center has-text-color has-link-color has-large-font-size wp-elements-2f28dd94cf5f6f130a78cac76509fa1a\" style=\"color:#f40b0b\"><strong>Abogados del Cord\u00f3n Industrial en San Lorenzo- Provincia de Santa Fe denuncian el colapso total de la justicia: \u201cNo hay jueces, no hay respuestas, no hay Estado\u201d<\/strong><\/p>\n\n\n\n<p class=\"has-headings-color has-text-color has-link-color wp-elements-05bdc1ebea9a2ce5b4080d75ed7fdd03\">Con una movilizaci\u00f3n en tribunales y un duro petitorio, abogado\/as del Distrito Judicial N\u00ba 12 expusieron el colapso de la justicia en San Lorenzo. Denuncian falta de jueces, abandono institucional y una estructura al borde del colapso.<\/p>\n\n\n\n<p class=\"has-headings-color has-text-color has-link-color wp-elements-0f32684a96cedd7a3590ee896fe22861\">La protesta, convocada bajo la consigna \u201cQueremos Justicia, no sonrisas institucionales\u201d, evidenci\u00f3 una situaci\u00f3n de colapso operativo, administrativo y pol\u00edtico.<\/p>\n\n\n\n<p class=\"has-headings-color has-text-color has-link-color wp-elements-a427502752381d305fffb1b3f19dd1e2\">Un distrito judicial al borde del abismo.<\/p>\n\n\n\n<p class=\"has-headings-color has-text-color has-link-color wp-elements-0bb17e3b97778ec7d7bad4377c45a97d\">El petitorio, firmado por los profesionales del foro local, detalla con precisi\u00f3n quir\u00fargica la situaci\u00f3n de par\u00e1lisis institucional que atraviesa el Distrito Judicial N\u00ba 12. La lista de problemas es extensa y alarmante:<\/p>\n\n\n\n<ul class=\"wp-block-list has-headings-color has-text-color has-link-color wp-elements-757d0119680d25591568b9f2dc26cf39\">\n<li class=\"has-headings-color has-text-color has-link-color wp-elements-7232ded816302bcdfa0f8bf2da7d65a2\">El Juzgado Laboral est\u00e1 vacante desde hace m\u00e1s de un a\u00f1o y medio. El concurso ya se realiz\u00f3, pero el Ejecutivo provincial mantiene la terna guardada en un caj\u00f3n.<\/li>\n\n\n\n<li class=\"has-headings-color has-text-color has-link-color wp-elements-c851253854e931fe61dab3cad337e105\">El Juzgado Civil y Comercial de Segunda Nominaci\u00f3n est\u00e1 ac\u00e9falo desde septiembre de 2024. Mientras tanto, el Dr. Alejandro Andino \u2014titular de la Primera Nominaci\u00f3n\u2014 oficia como \u00fanico juez de tres juzgados.<\/li>\n\n\n\n<li class=\"has-headings-color has-text-color has-link-color wp-elements-2ecd499957430555cb5885d7311a35fa\">El Juzgado de Circuito est\u00e1 sin titular desde hace seis a\u00f1os. Nunca se llam\u00f3 a concurso.<\/li>\n\n\n\n<li class=\"has-headings-color has-text-color has-link-color wp-elements-be3afc95e9cd154c8941b970eb9b32f2\">Localidades como Andino, Aldao, Gaboto, Maciel, Ricardone y Timb\u00faes carecen de jueces comunitarios de peque\u00f1as causas.<\/li>\n\n\n\n<li class=\"has-headings-color has-text-color has-link-color wp-elements-ffb1ce86f0107467b2c73121d6d075d6\">El Juzgado de Familia funciona con recursos humanos m\u00ednimos, con expedientes acumulados, tr\u00e1mites paralizados y tareas impropias que ralentizan su accionar.<\/li>\n\n\n\n<li class=\"has-headings-color has-text-color has-link-color wp-elements-d247f735f53c160d11bf2dc05fa61d35\">La figura de la Asesora de Menores ha sido vaciada, desplazada por una reforma que traslad\u00f3 esa funci\u00f3n al Ministerio P\u00fablico de la Acusaci\u00f3n.<\/li>\n\n\n\n<li class=\"has-headings-color has-text-color has-link-color wp-elements-349c1dc15ad18d5fd34642b958a016e9\">La Defensor\u00eda General y los fiscales extrapenales carecen de personal y preparaci\u00f3n para asumir estas funciones, lo que agrava la vulnerabilidad de ni\u00f1as, ni\u00f1os y adolescentes.<\/li>\n<\/ul>\n\n\n\n<p class=\"has-headings-color has-text-color has-link-color wp-elements-162b8a9a67eef2d153339243c00791f5\">Del acceso a la justicia al colapso sist\u00e9mico.<\/p>\n\n\n\n<p class=\"has-headings-color has-text-color has-link-color wp-elements-5375f4bcc50b40c402f55dab34a88fc9\">El vaciamiento institucional no solo afecta a los litigios complejos, sino que tambi\u00e9n deja desprotegidos a los sectores m\u00e1s vulnerables.<\/p>\n\n\n\n<p class=\"has-headings-color has-text-color has-link-color wp-elements-40a65c302d2a7df44d725372eee9b226\">El desborde alcanza a todos los fueros, pero los civiles, laborales y de familia son los m\u00e1s afectados. Las causas se acumulan, las sentencias no llegan y el Estado brilla por su ausencia. \u201cParece que todos los recursos est\u00e1n destinados al sistema penal, que adem\u00e1s tambi\u00e9n es ineficiente\u201d, expresa el petitorio.<\/p>\n\n\n\n<p class=\"has-headings-color has-text-color has-link-color wp-elements-ad8f453174eab733b26942393bc45aea\">El petitorio no se limita a la denuncia: establece un listado de 12 demandas claras, precisas y viables. Algunas de las m\u00e1s destacadas:<\/p>\n\n\n\n<ol class=\"wp-block-list\">\n<li class=\"has-headings-color has-text-color has-link-color wp-elements-f503ca13138bb175f173f5d0638db4b9\">Designaci\u00f3n inmediata de un Juez Laboral.<\/li>\n\n\n\n<li class=\"has-headings-color has-text-color has-link-color wp-elements-a79b374abac0963a45d9bf4350bd7eac\">Cobertura urgente de vacantes en juzgados civiles, de familia, laborales y comunitarios.<\/li>\n\n\n\n<li class=\"has-headings-color has-text-color has-link-color wp-elements-ca36be105423b09c350144a9b87e2338\">Llamados a concurso para cubrir cargos vacantes.<\/li>\n\n\n\n<li class=\"has-headings-color has-text-color has-link-color wp-elements-02c2c2ffcd3d3f7ce99e97fd922840e1\">Creaci\u00f3n de nuevos juzgados en un distrito con alt\u00edsima carga de trabajo.<\/li>\n\n\n\n<li class=\"has-headings-color has-text-color has-link-color wp-elements-2087ae3471b70be2434af162e149c300\">Asignaci\u00f3n de recursos humanos especializados para el fuero de Familia.<\/li>\n\n\n\n<li class=\"has-headings-color has-text-color has-link-color wp-elements-f3d71845665af189e38a8fd20e980895\">Derogaci\u00f3n de la ley de mediaci\u00f3n obligatoria que encarece y ralentiza el acceso a la justicia.<\/li>\n\n\n\n<li class=\"has-headings-color has-text-color has-link-color wp-elements-88093edf4d1f9f8439fe5f731e3d7e9d\">Infraestructura digna, equipamiento y tecnolog\u00eda para los juzgados del distrito.<\/li>\n\n\n\n<li class=\"has-headings-color has-text-color has-link-color wp-elements-d8d26816fbf20d0833d0065df3237540\">Cese de aumentos retroactivos de la Unidad Jus, que generan incertidumbre y perjudican a los justiciables y profesionales.<\/li>\n<\/ol>\n\n\n\n<p class=\"has-headings-color has-text-color has-link-color wp-elements-fdf9f04a25f849bdc09814b811229b33\">El tono del reclamo es tan institucional como pol\u00edtico. La falta de respuestas por parte del Poder Ejecutivo provincial, sumada al silencio de la Corte Suprema, alimenta la indignaci\u00f3n.<\/p>\n\n\n\n<p class=\"has-headings-color has-text-color has-link-color wp-elements-836a3663b30e30e7a9b473b97c3116e4\">\u201cEn una Rep\u00fablica, el adecuado servicio de justicia debe garantizarse como obligaci\u00f3n insoslayable del Estado\u201d, dice el texto. Y contin\u00faa: \u201cNo aceptamos la indiferencia de las autoridades, que no cumplen con sus deberes como servidores p\u00fablicos\u201d.<\/p>\n\n\n\n<p class=\"has-headings-color has-text-color has-link-color wp-elements-6597960a205b0c56dc7afc9b33b16802\">La justicia \u2014como garant\u00eda de derechos y como estructura republicana\u2014 est\u00e1 siendo demolida por la inacci\u00f3n.<\/p>\n\n\n\n<p class=\"has-text-align-center has-headings-color has-text-color has-link-color has-large-font-size wp-elements-c2746b2f202e56f3748621808bde3ae4\"><strong>NUESTRAS CONSIDERACIONES<\/strong><\/p>\n\n\n\n<p class=\"has-headings-color has-text-color has-link-color wp-elements-d2bde8fa30324966deb066d630747b0f\">En esta nota se evidencia el pedido de auxilio que estan manifestando los trabajadores abogado\/as por el perjuicio que le causa el estado y el poder judicial por la falta de designaci\u00f3n de jueces.  <\/p>\n\n\n\n<p class=\"has-headings-color has-text-color has-link-color wp-elements-af77181be9fffd98fc62210cef65d4fe\">Generalmente, en estos casos, las presentaciones quedan en mesa de entrada sin obtener un resultado favorable a su petici\u00f3n. <\/p>\n\n\n\n<p class=\"has-headings-color has-text-color has-link-color wp-elements-1efc9443116adf79d7cc93f558cc9e1f\">En el petitorio presentado por vuestros compa\u00f1eros notamos que puntualizan dos temas claves: la solicitud de cubrir las vacantes de jueces y la creaci\u00f3n de otros juzgados. El paradigma de dos caras de una misma moneda. En primer lugar, habr\u00eda que lograr la designaci\u00f3n de jueces en todas las \u00e1reas vacantes con designaci\u00f3n supletorias o asignaciones complementarias a fines de que el excedente de jueces puedan ser pasibles de cubrir la creaci\u00f3n de otros juzgados. <\/p>\n\n\n\n<p class=\"has-headings-color has-text-color has-link-color wp-elements-9d93e7b63742a70ec18cb4dfba56b160\">Otro de los matices para sanjar este dilema es verificar si le cabe la responsabilidad al Estado Nacional cubrir las vacantes o alg\u00fan organismo espec\u00edfico que se enfoque en la designaci\u00f3n de jueces. <\/p>\n\n\n\n<p class=\"has-headings-color has-text-color has-link-color wp-elements-83dbeb85a804dab18ad17e0833b94bd1\">En este aspecto, la Reforma Constitucional de 1994 trajo consigo la incorporaci\u00f3n del Consejo de la Magistratura con alcance nacional, en el que intervine abogados representantes de todas las provincias para designar los jueces que cubriran las vacantes respectivas. <\/p>\n\n\n\n<p class=\"has-headings-color has-text-color has-link-color wp-elements-d9ea7e5cb9ee8e1815ec82ba72bb53c3\">Por lo cual el petitorio para la designaci\u00f3n de jueces debier\u00e1 ser direccionado al Consejo de la Magistratura Nacional. <\/p>\n\n\n\n<p class=\"has-headings-color has-text-color has-link-color wp-elements-3fc755fdb9765ab516f14b32dc9f1b91\">Respecto a los insumos, recursos humanos, infractructura edilicia y tegnolog\u00eda de los juzgados no le cabria a nuestros compa\u00f1eros trabajadores abogados ocuparse de temas que sobrepasan las posibilidades econ\u00f3micas y que es de exclusividad absoluta del poder judicial provincial cubrirlas.<\/p>\n\n\n\n<p class=\"has-text-align-center has-sitebg-color has-text-color has-background has-link-color has-normal-font-size wp-elements-51b225b2caa6ab6a407c7de677a9e4c6\" style=\"background-color:#f58016\">Entendamos que el enfoque de esta nota es prevalecer los derechos de los abogado\/as trabajadores que ejercen la profesi\u00f3n en forma privada, el efecto rebote de falta de jueces provoca un PERJUICIO A LOS COLEGAS que no pueden trabajar dignamente y en consecuencia, cobrar sus honorarios como retributivo de sus servicios con las ciudadan\u00eda. <\/p>\n\n\n\n<p class=\"has-headings-color has-sitebg-background-color has-text-color has-background has-link-color wp-elements-e205773c0e01cdcea33d417e35064cc1\">Mientras observamos disputas por vacantes de jueces ante el Consejo de la Magistratura entre Capital Federal y Cuidad Aut\u00f3noma de Buenos Aires, enfocado en la prevalencia del poder. Vemos que el colapso institucional se extiende a todas las provincias del interior de la Rep\u00fablica Argentina.<\/p>\n\n\n\n<p class=\"has-headings-color has-text-color has-link-color wp-elements-ec71e89148d463b979889e1b13a30892\">Si la vacante a cubrir se encuentra supeditada al presupuesto nacional por parte del Poder Judicial conjuntamente con el Consejo de la Magistratura, entonces estar\u00edamos frente a una bandera politica dificil de sanear. <\/p>\n","protected":false},"excerpt":{"rendered":"<p>Abogados del Cord\u00f3n Industrial en San Lorenzo- Provincia de Santa Fe denuncian el colapso total de la justicia: \u201cNo hay jueces, no hay respuestas, no<span class=\"excerpt-fade\"><\/span><\/p>\n","protected":false},"author":1,"featured_media":0,"parent":0,"menu_order":0,"comment_status":"closed","ping_status":"closed","template":"","meta":{"_themeisle_gutenberg_block_has_review":false,"_ti_tpc_template_sync":false,"_ti_tpc_template_id":"","footnotes":""},"class_list":["post-1469","page","type-page","status-publish","hentry"],"_links":{"self":[{"href":"https:\/\/sapra.org\/index.php\/wp-json\/wp\/v2\/pages\/1469","targetHints":{"allow":["GET"]}}],"collection":[{"href":"https:\/\/sapra.org\/index.php\/wp-json\/wp\/v2\/pages"}],"about":[{"href":"https:\/\/sapra.org\/index.php\/wp-json\/wp\/v2\/types\/page"}],"author":[{"embeddable":true,"href":"https:\/\/sapra.org\/index.php\/wp-json\/wp\/v2\/users\/1"}],"replies":[{"embeddable":true,"href":"https:\/\/sapra.org\/index.php\/wp-json\/wp\/v2\/comments?post=1469"}],"version-history":[{"count":5,"href":"https:\/\/sapra.org\/index.php\/wp-json\/wp\/v2\/pages\/1469\/revisions"}],"predecessor-version":[{"id":1517,"href":"https:\/\/sapra.org\/index.php\/wp-json\/wp\/v2\/pages\/1469\/revisions\/1517"}],"wp:attachment":[{"href":"https:\/\/sapra.org\/index.php\/wp-json\/wp\/v2\/media?parent=1469"}],"curies":[{"name":"wp","href":"https:\/\/api.w.org\/{rel}","templated":true}]}}