{"id":1303,"date":"2025-07-17T18:33:15","date_gmt":"2025-07-17T21:33:15","guid":{"rendered":"https:\/\/sapra.org\/?page_id=1303"},"modified":"2025-07-17T19:46:58","modified_gmt":"2025-07-17T22:46:58","slug":"news-seguridad-social","status":"publish","type":"page","link":"https:\/\/sapra.org\/index.php\/news-seguridad-social\/","title":{"rendered":"News Seguridad Social"},"content":{"rendered":"\n<p class=\"has-text-align-center has-text-color has-link-color has-large-font-size wp-elements-15eb57a26f8d33b5033a64144a307b21\" style=\"color:#ed1809\"><strong>Abogado: Profesi\u00f3n liberal sin etiqueta comercial<\/strong><\/p>\n\n\n\n<p class=\"has-headings-color has-text-color has-link-color wp-elements-542cd4879454b5aa5f91e4e13a03ee84\"><strong>La Justicia revoc\u00f3 una resoluci\u00f3n que aplicaba el CCT 130\/75 a un estudio jur\u00eddico y sostuvo que la elecci\u00f3n de obra social no define el encuadramiento convencional, reafirmando la independencia del ejercicio profesional.<\/strong><\/p>\n\n\n\n<p class=\"has-headings-color has-text-color has-link-color wp-elements-e351d9028a96d3bdf4d9fab1f9990068\">La C\u00e1mara Federal de Apelaciones de la Seguridad Social, Sala III, resolvi\u00f3 un caso donde se discut\u00eda si un estudio jur\u00eddico deb\u00eda registrarse por el convenio colectivo de empleados de comercio. La decisi\u00f3n revoc\u00f3 una resoluci\u00f3n de la AFIP\/ARCA que, a partir de una fiscalizaci\u00f3n impulsada por OSECAC, hab\u00eda determinado una deuda por diferencias en aportes y contribuciones.<\/p>\n\n\n\n<p class=\"has-headings-color has-text-color has-link-color wp-elements-656f276eaac115743aaf27dab3763370\">El Organismo hab\u00eda considerado que, por haber elegido esa obra social y declararse como empresa comercial al empadronarse, el estudio deb\u00eda aplicar el convenio colectivo 130\/75 y tomar como base remuneratoria el salario m\u00ednimo de la categor\u00eda \u201cMaestranza A\u201d. La AFIP\/ARCA hab\u00eda confirmado parcialmente el ajuste.<br>&nbsp;<\/p>\n\n\n\n<p class=\"has-headings-color has-text-color has-link-color wp-elements-bf7094ed4ec92635dad885c80dc2d883\"><strong>\u201c\u2026dado que no es posible catalogar como mercantil la actividad que desarrollan los profesionales del derecho, es evidente que quienes desempe\u00f1an funciones dependientes en sus establecimientos no resultan encuadrables en el CCT 130\/75.\u201d<\/strong><\/p>\n\n\n\n<p class=\"has-headings-color has-text-color has-link-color wp-elements-b609cc15d2c79b2fca20851116aa8510\"><br>Sin embargo, el Tribunal de alzada concluy\u00f3 que el marco normativo aplicable no puede definirse en funci\u00f3n de la obra social elegida ni del registro de empadronamiento, sostuvo que los estudios jur\u00eddicos no desarrollan actividades comerciales, sino profesionales, y por ende no pueden quedar alcanzadas por convenios colectivos que regulan relaciones en el \u00e1mbito mercantil.<\/p>\n\n\n\n<p class=\"has-headings-color has-text-color has-link-color wp-elements-6be8e238793617f6c3b612a37e2c755c\">El fallo, con los votos de los Jueces Fernando Strasser y Sebasti\u00e1n E. Russo, se\u00f1al\u00f3 que los abogados, al ejercer una actividad de ubicaci\u00f3n de servicios con obligaci\u00f3n de medios y no de resultado, no realizan actos de comercio en el sentido t\u00e9cnico; por lo tanto, sus empleados tampoco pueden ser cuadrados dentro del convenio colectivo de comercio, salvo que se acredite una actividad complementaria efectivamente comercial, lo cual no se verific\u00f3 en este caso.<\/p>\n\n\n\n<p class=\"has-headings-color has-text-color has-link-color wp-elements-3c7abc99e4804b6cc40cfc0726e1ec36\">La sentencia remarca que la elecci\u00f3n de una obra social por parte del empleador o el trabajador no tiene incidencia en la determinaci\u00f3n del convenio colectivo aplicable, ni puede derivar en una obligaci\u00f3n legal de aplicar cl\u00e1usulas convencionales que no surgen del marco normativo vigente.<\/p>\n\n\n\n<hr class=\"wp-block-separator has-alpha-channel-opacity\"\/>\n\n\n\n<p class=\"has-headings-color has-text-color has-link-color wp-elements-fb43f4150dc9f9cfba33b9687eb2124e\"><strong>EN LA PR\u00c1CTICA COTIDIANA<\/strong>, el abogado que ejerce en forma privada se encuentra incurso en este dilema. <\/p>\n\n\n\n<p class=\"has-headings-color has-text-color has-link-color wp-elements-94c11666381cd7f7f105b78632fe4346\">Nos enfrenamos a una discriminaci\u00f3n laboral, ya que pretendemos encajar dentro de un convenio colectivo de trabajo que no es acorde con nuestra profesi\u00f3n. <\/p>\n\n\n\n<p class=\"has-headings-color has-text-color has-link-color wp-elements-94f677c4e1ae40873e0f9942bb3c0489\">Entonces queda preguntarse, \u00bfLos colegios de abogados est\u00e1n facultados para defendernos de esta clases de bulying?<\/p>\n\n\n\n<p class=\"has-headings-color has-text-color has-link-color wp-elements-6d9e5ab08df1afbb1e0e859cb235d076\">\u00bfCu\u00e1n importante es tener por cabecera un Sindicato de Abogados Privados que realmente defienda nuestros derechos frente a las dificultades cotidianas a las que estamos expuestos?<\/p>\n\n\n\n<p class=\"has-headings-color has-text-color has-link-color wp-elements-5aaa1f0ac61ffd0d306799edb59cfca6\">Tenemos que entender que nosotros somos <strong>TRABAJADORES ID\u00d3NEOS<\/strong> formados en car\u00e1cter de profesionales del \u00e1rea privado. <\/p>\n\n\n\n<p class=\"has-headings-color has-text-color has-link-color wp-elements-c5a3b54fd92613a2b87c88e48e4bbc8a\">No podemos seguir mirando para otro lado, apagando lo que somos, tratando de encajar como empleado de comercio cuando nos recibimos de la carrera de grado y nos insertamos en el mercado laboral.<\/p>\n\n\n\n<p class=\"has-headings-color has-text-color has-link-color wp-elements-55187e46ff195cbcada742394cd9a6ae\">Los letrados que no queremos arriesgarnos a trabajar de manera independiente, buscamos por todas las luces ingresar a laborar en un Estudio Jur\u00eddco, Empresa, etc., que nos garantice un techo sobre nuestras cabezas, dilatando los riesgos en nuestros empleadores, y tratamos de acomodarnos a las propuestas laborales.<\/p>\n\n\n\n<p class=\"has-headings-color has-text-color has-link-color wp-elements-7d85c90b8d2d5c7c6854801a77d036e4\">Es importante que el letrado de ejercicio privado sepa la importancia de su afiliaci\u00f3n a nuestra organizaci\u00f3n <strong>\u00abSindicato de Abogados Privado de la Rep\u00fablica Argentina (SAPRA)\u00bb.<\/strong><\/p>\n\n\n\n<figure class=\"wp-block-image size-full\"><img loading=\"lazy\" decoding=\"async\" width=\"940\" height=\"788\" src=\"https:\/\/sapra.org\/wp-content\/uploads\/2025\/07\/Recordatorio-face.jpg\" alt=\"\" class=\"wp-image-1267\" srcset=\"https:\/\/sapra.org\/wp-content\/uploads\/2025\/07\/Recordatorio-face.jpg 940w, https:\/\/sapra.org\/wp-content\/uploads\/2025\/07\/Recordatorio-face-300x251.jpg 300w, https:\/\/sapra.org\/wp-content\/uploads\/2025\/07\/Recordatorio-face-768x644.jpg 768w, https:\/\/sapra.org\/wp-content\/uploads\/2025\/07\/Recordatorio-face-358x300.jpg 358w\" sizes=\"auto, (max-width: 940px) 100vw, 940px\" \/><\/figure>\n\n\n\n<p class=\"has-text-align-center has-headings-color has-text-color has-link-color has-large-font-size wp-elements-8d7441e0414147fffaac1efd8aab7165\">Por lo que su apoyo, es muy valioso para que nuestro Convenio Colectivo de Trabajo de Abogados Privado (CCTAP) sea de aplicaci\u00f3n inmediata.<\/p>\n\n\n\n<p class=\"has-text-align-center has-headings-color has-text-color has-background has-link-color has-large-font-size wp-elements-53bba083e777298570c2e3ec91442f9a\" style=\"background-color:#f21d1d\"><strong>\u00a1\u00a1 SUMATE !!<\/strong><\/p>\n\n\n\n<p><\/p>\n","protected":false},"excerpt":{"rendered":"<p>Abogado: Profesi\u00f3n liberal sin etiqueta comercial La Justicia revoc\u00f3 una resoluci\u00f3n que aplicaba el CCT 130\/75 a un estudio jur\u00eddico y sostuvo que la elecci\u00f3n<span class=\"excerpt-fade\"><\/span><\/p>\n","protected":false},"author":1,"featured_media":0,"parent":0,"menu_order":0,"comment_status":"closed","ping_status":"closed","template":"","meta":{"_themeisle_gutenberg_block_has_review":false,"_ti_tpc_template_sync":false,"_ti_tpc_template_id":"","footnotes":""},"class_list":["post-1303","page","type-page","status-publish","hentry"],"_links":{"self":[{"href":"https:\/\/sapra.org\/index.php\/wp-json\/wp\/v2\/pages\/1303","targetHints":{"allow":["GET"]}}],"collection":[{"href":"https:\/\/sapra.org\/index.php\/wp-json\/wp\/v2\/pages"}],"about":[{"href":"https:\/\/sapra.org\/index.php\/wp-json\/wp\/v2\/types\/page"}],"author":[{"embeddable":true,"href":"https:\/\/sapra.org\/index.php\/wp-json\/wp\/v2\/users\/1"}],"replies":[{"embeddable":true,"href":"https:\/\/sapra.org\/index.php\/wp-json\/wp\/v2\/comments?post=1303"}],"version-history":[{"count":5,"href":"https:\/\/sapra.org\/index.php\/wp-json\/wp\/v2\/pages\/1303\/revisions"}],"predecessor-version":[{"id":1323,"href":"https:\/\/sapra.org\/index.php\/wp-json\/wp\/v2\/pages\/1303\/revisions\/1323"}],"wp:attachment":[{"href":"https:\/\/sapra.org\/index.php\/wp-json\/wp\/v2\/media?parent=1303"}],"curies":[{"name":"wp","href":"https:\/\/api.w.org\/{rel}","templated":true}]}}