{"id":1226,"date":"2025-07-16T22:56:05","date_gmt":"2025-07-17T01:56:05","guid":{"rendered":"https:\/\/sapra.org\/?page_id=1226"},"modified":"2026-03-29T01:01:31","modified_gmt":"2026-03-29T04:01:31","slug":"asistencia-previsional-practica","status":"publish","type":"page","link":"https:\/\/sapra.org\/index.php\/asistencia-previsional-practica\/","title":{"rendered":"Asistencia Previsional Pr\u00e1ctica"},"content":{"rendered":"\n<p class=\"has-headings-color has-text-color has-link-color wp-elements-c51e70deb51fe5f24c04e5b17f96e99b\">El derecho previsional es una rama enriquecedora que vale la pena ejercer. <\/p>\n\n\n\n<p class=\"has-headings-color has-text-color has-link-color wp-elements-0be585d9d669a7e93a7a582370a5fad4\">Lo interesante es que muchos profesionales se abocan a ense\u00f1ar esta \u00e1rea a trav\u00e9s de cursos, talleres, diplomados y posgrados de la seguridad social, con amplio contenido bibliografico y abundancia de jurisprudencia jur\u00eddica que fortalecen las bases.<\/p>\n\n\n\n<p class=\"has-headings-color has-text-color has-link-color wp-elements-8e6f284c07d6d20fe7c32f82e0c042e1\"> Sin embargo, al momento de insertarlo en la pr\u00e1ctica nos vemos sumergidos en un desconcierto absoluto, y buscamos soluciones r\u00e1pidas a trav\u00e9s de foros jur\u00eddicos o p\u00e1ginas de facebook que nos puedan explicar de manera minuciosa todos los conceptos aprendidos, y direccionarnos en c\u00f3mo proceder.<\/p>\n\n\n\n<p class=\"has-headings-color has-text-color has-link-color wp-elements-7358f5fb6d69d7cf9af426d6902f5e88\">La asistencia pr\u00e1ctica esta dirigida exclusivamente para abogados con t\u00edtulo efectivo y\/o t\u00edtulo en tr\u00e1mite. <\/p>\n\n\n\n<p class=\"has-text-align-center has-text-color has-link-color has-large-font-size wp-elements-ff77c07281e319d3ce63a113c81f64eb\" style=\"color:#f3321c\">La propuesta que te ofrecemos es:<\/p>\n\n\n\n<p class=\"has-text-align-center has-text-color has-link-color has-large-font-size wp-elements-b1479c9ef521d2774b5a70b27de8a7db\" style=\"color:#ed3629\"><strong> <em>No delegar el trabajo y que sigas aprendiendo la pr\u00e1ctica profesional con nosotros. <\/em><\/strong><\/p>\n\n\n\n<section id=\"wp-block-themeisle-blocks-advanced-columns-e0e1ab2e\" class=\"wp-block-themeisle-blocks-advanced-columns alignfull has-3-columns has-desktop-equal-layout has-tablet-equal-layout has-mobile-collapsedRows-layout has-vertical-flex-start ticss-7b5eb70a\"><div class=\"wp-block-themeisle-blocks-advanced-columns-overlay\"><\/div><div class=\"innerblocks-wrap\">\n<div id=\"wp-block-themeisle-blocks-advanced-column-2489d76c\" class=\"wp-block-themeisle-blocks-advanced-column\">\n<h3 id=\"wp-block-themeisle-blocks-advanced-heading-e30ccf77\" class=\"wp-block-themeisle-blocks-advanced-heading wp-block-themeisle-blocks-advanced-heading-e30ccf77\">B\u00c1SICO<\/h3>\n\n\n\n<span id=\"wp-block-themeisle-blocks-advanced-heading-01f7ed6b\" class=\"wp-block-themeisle-blocks-advanced-heading wp-block-themeisle-blocks-advanced-heading-01f7ed6b\"><strong><strong>$40.000<\/strong><\/strong><\/span>\n\n\n\n<p class=\"has-text-align-center has-headings-color has-text-color has-link-color has-larger-font-size wp-elements-1ab876c0fc71a1e176ac87f10882b5c8\"><strong>U$D 30<\/strong><\/p>\n\n\n\n<p id=\"wp-block-themeisle-blocks-advanced-heading-fe18de7e\" class=\"wp-block-themeisle-blocks-advanced-heading wp-block-themeisle-blocks-advanced-heading-fe18de7e\"><em>Asistencia inicial mensual<\/em><\/p>\n\n\n\n<div id=\"wp-block-themeisle-blocks-icon-list-fb8b7e9c\" class=\"wp-block-themeisle-blocks-icon-list\">\n<div id=\"wp-block-themeisle-blocks-icon-list-item-78a49dfc\" class=\"wp-block-themeisle-blocks-icon-list-item\"><i class=\"fas fa-check wp-block-themeisle-blocks-icon-list-item-icon-custom\"><\/i><p class=\"wp-block-themeisle-blocks-icon-list-item-content-custom\">Armado de expediente<\/p><\/div>\n\n\n\n<div id=\"wp-block-themeisle-blocks-icon-list-item-f341b063\" class=\"wp-block-themeisle-blocks-icon-list-item\"><i class=\"fas fa-check wp-block-themeisle-blocks-icon-list-item-icon-custom\"><\/i><p class=\"wp-block-themeisle-blocks-icon-list-item-content-custom\">Una (1) consulta por semana <\/p><\/div>\n\n\n\n<div id=\"wp-block-themeisle-blocks-icon-list-item-8216d9b3\" class=\"wp-block-themeisle-blocks-icon-list-item\"><i class=\"fas fa-check wp-block-themeisle-blocks-icon-list-item-icon-custom\"><\/i><p class=\"wp-block-themeisle-blocks-icon-list-item-content-custom\">Cuatro (4) consultas por mes<\/p><\/div>\n\n\n\n<div id=\"wp-block-themeisle-blocks-icon-list-item-1c648ab6\" class=\"wp-block-themeisle-blocks-icon-list-item\"><i class=\"fas fa-check wp-block-themeisle-blocks-icon-list-item-icon-custom\"><\/i><p class=\"wp-block-themeisle-blocks-icon-list-item-content-custom\">Seguimiento de expediente<\/p><\/div>\n\n\n\n<div id=\"wp-block-themeisle-blocks-icon-list-item-29e65fd4\" class=\"wp-block-themeisle-blocks-icon-list-item\"><i class=\"fas fa-check wp-block-themeisle-blocks-icon-list-item-icon-custom\"><\/i><p class=\"wp-block-themeisle-blocks-icon-list-item-content-custom\">Formularios<\/p><\/div>\n<\/div>\n\n\n\n<div style=\"height:24px\" aria-hidden=\"true\" class=\"wp-block-spacer\"><\/div>\n\n\n\n<div class=\"wp-block-buttons is-vertical is-content-justification-center is-layout-flex wp-container-core-buttons-is-layout-cc3cdef1 wp-block-buttons-is-layout-flex\">\n<div class=\"wp-block-button has-custom-width wp-block-button__width-100 is-style-primary\"><a class=\"wp-block-button__link has-background wp-element-button\" href=\"https:\/\/api.whatsapp.com\/send?phone=5491159824369&amp;text=Quiero%20comprar%20la%20Asistencia%20Pr%C3%A1ctica%20Previsional%20B%C3%A1sica\" style=\"background-color:#f7893e\">Comprar<\/a><\/div>\n<\/div>\n<\/div>\n\n\n\n<div id=\"wp-block-themeisle-blocks-advanced-column-991b18b5\" class=\"wp-block-themeisle-blocks-advanced-column\">\n<h3 id=\"wp-block-themeisle-blocks-advanced-heading-6b0710bb\" class=\"wp-block-themeisle-blocks-advanced-heading wp-block-themeisle-blocks-advanced-heading-6b0710bb\">STANDART<\/h3>\n\n\n\n<span id=\"wp-block-themeisle-blocks-advanced-heading-0076e239\" class=\"wp-block-themeisle-blocks-advanced-heading wp-block-themeisle-blocks-advanced-heading-0076e239\"><strong>$80.000<\/strong><\/span>\n\n\n\n<p class=\"has-text-align-center has-headings-color has-text-color has-link-color wp-elements-dac4c53d133031969fa4a2c090929c45\" style=\"font-size:42px\"><strong>U$D 60<\/strong><\/p>\n\n\n\n<p id=\"wp-block-themeisle-blocks-advanced-heading-36b869e4\" class=\"wp-block-themeisle-blocks-advanced-heading wp-block-themeisle-blocks-advanced-heading-36b869e4\"><em>Asistencia personalizada mensual<\/em><\/p>\n\n\n\n<div id=\"wp-block-themeisle-blocks-icon-list-1ce3cb83\" class=\"wp-block-themeisle-blocks-icon-list\">\n<div id=\"wp-block-themeisle-blocks-icon-list-item-bd6e8ccf\" class=\"wp-block-themeisle-blocks-icon-list-item\"><i class=\"fas fa-check wp-block-themeisle-blocks-icon-list-item-icon-custom\"><\/i><p class=\"wp-block-themeisle-blocks-icon-list-item-content-custom\">Armado de expediente<\/p><\/div>\n\n\n\n<div id=\"wp-block-themeisle-blocks-icon-list-item-532bf0a9\" class=\"wp-block-themeisle-blocks-icon-list-item\"><i class=\"fas fa-check wp-block-themeisle-blocks-icon-list-item-icon-custom\"><\/i><p class=\"wp-block-themeisle-blocks-icon-list-item-content-custom\">Asistencia en el Sicam<\/p><\/div>\n\n\n\n<div id=\"wp-block-themeisle-blocks-icon-list-item-7bb026c5\" class=\"wp-block-themeisle-blocks-icon-list-item\"><i class=\"fas fa-check wp-block-themeisle-blocks-icon-list-item-icon-custom\"><\/i><p class=\"wp-block-themeisle-blocks-icon-list-item-content-custom\">Dos (2) consultas por semana<\/p><\/div>\n\n\n\n<div id=\"wp-block-themeisle-blocks-icon-list-item-91e6d201\" class=\"wp-block-themeisle-blocks-icon-list-item\"><i class=\"fas fa-check wp-block-themeisle-blocks-icon-list-item-icon-custom\"><\/i><p class=\"wp-block-themeisle-blocks-icon-list-item-content-custom\">Ocho (8) consultas por mes<\/p><\/div>\n\n\n\n<div id=\"wp-block-themeisle-blocks-icon-list-item-0759ee69\" class=\"wp-block-themeisle-blocks-icon-list-item\"><i class=\"fas fa-check wp-block-themeisle-blocks-icon-list-item-icon-custom\"><\/i><p class=\"wp-block-themeisle-blocks-icon-list-item-content-custom\">Formularios<\/p><\/div>\n\n\n\n<div id=\"wp-block-themeisle-blocks-icon-list-item-00fa348c\" class=\"wp-block-themeisle-blocks-icon-list-item\"><i class=\"fas fa-check wp-block-themeisle-blocks-icon-list-item-icon-custom\"><\/i><p class=\"wp-block-themeisle-blocks-icon-list-item-content-custom\">Seguimiento de expediente<\/p><\/div>\n\n\n\n<div id=\"wp-block-themeisle-blocks-icon-list-item-300562e6\" class=\"wp-block-themeisle-blocks-icon-list-item\"><i class=\"fas fa-check wp-block-themeisle-blocks-icon-list-item-icon-custom\"><\/i><p class=\"wp-block-themeisle-blocks-icon-list-item-content-custom\">Ingreso del expediente en Anses<\/p><\/div>\n<\/div>\n\n\n\n<div style=\"height:24px\" aria-hidden=\"true\" class=\"wp-block-spacer\"><\/div>\n\n\n\n<div class=\"wp-block-buttons is-vertical is-content-justification-center is-layout-flex wp-container-core-buttons-is-layout-cc3cdef1 wp-block-buttons-is-layout-flex\">\n<div class=\"wp-block-button has-custom-width wp-block-button__width-100 is-style-primary\"><a class=\"wp-block-button__link has-background wp-element-button\" href=\"https:\/\/api.whatsapp.com\/send?phone=5491159824369&amp;text=Quiero%20comprar%20la%20Asistencia%20Pr%C3%A1ctica%20Previsional%20Standart\" style=\"background-color:#f98d3f\">Comprar<\/a><\/div>\n<\/div>\n<\/div>\n\n\n\n<div id=\"wp-block-themeisle-blocks-advanced-column-09158d16\" class=\"wp-block-themeisle-blocks-advanced-column ticss-3fe6b647\">\n<h3 id=\"wp-block-themeisle-blocks-advanced-heading-b3766bd8\" class=\"wp-block-themeisle-blocks-advanced-heading wp-block-themeisle-blocks-advanced-heading-b3766bd8\">AVANZADO<\/h3>\n\n\n\n<span id=\"wp-block-themeisle-blocks-advanced-heading-e601353c\" class=\"wp-block-themeisle-blocks-advanced-heading wp-block-themeisle-blocks-advanced-heading-e601353c\"><strong>$140.000<\/strong><\/span>\n\n\n\n<p class=\"has-text-align-center has-headings-color has-text-color has-link-color has-larger-font-size wp-elements-144f8d46d5854d3a28fc79ce98ba8c47\"><strong>U$D 100<\/strong><\/p>\n\n\n\n<p id=\"wp-block-themeisle-blocks-advanced-heading-39d2e261\" class=\"wp-block-themeisle-blocks-advanced-heading wp-block-themeisle-blocks-advanced-heading-39d2e261\"><em>Asistencia personalizada mensual<\/em><\/p>\n\n\n\n<div id=\"wp-block-themeisle-blocks-icon-list-2c744428\" class=\"wp-block-themeisle-blocks-icon-list\">\n<div id=\"wp-block-themeisle-blocks-icon-list-item-b78d20f0\" class=\"wp-block-themeisle-blocks-icon-list-item\"><i class=\"fas fa-check wp-block-themeisle-blocks-icon-list-item-icon-custom\"><\/i><p class=\"wp-block-themeisle-blocks-icon-list-item-content-custom\">Armado de expediente <\/p><\/div>\n\n\n\n<div id=\"wp-block-themeisle-blocks-icon-list-item-14fe631b\" class=\"wp-block-themeisle-blocks-icon-list-item\"><i class=\"fas fa-check wp-block-themeisle-blocks-icon-list-item-icon-custom\"><\/i><p class=\"wp-block-themeisle-blocks-icon-list-item-content-custom\">Confeccionamiento del Sicam<\/p><\/div>\n\n\n\n<div id=\"wp-block-themeisle-blocks-icon-list-item-8f14a41d\" class=\"wp-block-themeisle-blocks-icon-list-item\"><i class=\"fas fa-check wp-block-themeisle-blocks-icon-list-item-icon-custom\"><\/i><p class=\"wp-block-themeisle-blocks-icon-list-item-content-custom\">Tres (3) consultas por semana<\/p><\/div>\n\n\n\n<div id=\"wp-block-themeisle-blocks-icon-list-item-0ce7030d\" class=\"wp-block-themeisle-blocks-icon-list-item\"><i class=\"fas fa-check wp-block-themeisle-blocks-icon-list-item-icon-custom\"><\/i><p class=\"wp-block-themeisle-blocks-icon-list-item-content-custom\">Doce (12) consultas por mes<\/p><\/div>\n\n\n\n<div id=\"wp-block-themeisle-blocks-icon-list-item-430ea07c\" class=\"wp-block-themeisle-blocks-icon-list-item\"><i class=\"fas fa-check wp-block-themeisle-blocks-icon-list-item-icon-custom\"><\/i><p class=\"wp-block-themeisle-blocks-icon-list-item-content-custom\">Formularios<\/p><\/div>\n\n\n\n<div id=\"wp-block-themeisle-blocks-icon-list-item-346261a8\" class=\"wp-block-themeisle-blocks-icon-list-item\"><i class=\"fas fa-check wp-block-themeisle-blocks-icon-list-item-icon-custom\"><\/i><p class=\"wp-block-themeisle-blocks-icon-list-item-content-custom\">Honorarios<\/p><\/div>\n\n\n\n<div id=\"wp-block-themeisle-blocks-icon-list-item-810b8d36\" class=\"wp-block-themeisle-blocks-icon-list-item\"><i class=\"fas fa-check wp-block-themeisle-blocks-icon-list-item-icon-custom\"><\/i><p class=\"wp-block-themeisle-blocks-icon-list-item-content-custom\">Seguimiento de expediente<\/p><\/div>\n\n\n\n<div id=\"wp-block-themeisle-blocks-icon-list-item-451141cb\" class=\"wp-block-themeisle-blocks-icon-list-item\"><i class=\"fas fa-check wp-block-themeisle-blocks-icon-list-item-icon-custom\"><\/i><p class=\"wp-block-themeisle-blocks-icon-list-item-content-custom\">Ingreso del expediente en Anses<\/p><\/div>\n\n\n\n<div id=\"wp-block-themeisle-blocks-icon-list-item-0b53b490\" class=\"wp-block-themeisle-blocks-icon-list-item\"><i class=\"fas fa-check wp-block-themeisle-blocks-icon-list-item-icon-custom\"><\/i><p class=\"wp-block-themeisle-blocks-icon-list-item-content-custom\">Instrucci\u00f3n al c\u00e1lculo previsional<\/p><\/div>\n<\/div>\n\n\n\n<div style=\"height:24px\" aria-hidden=\"true\" class=\"wp-block-spacer\"><\/div>\n\n\n\n<div class=\"wp-block-buttons is-vertical is-content-justification-center is-layout-flex wp-container-core-buttons-is-layout-cc3cdef1 wp-block-buttons-is-layout-flex\">\n<div class=\"wp-block-button has-custom-width wp-block-button__width-100 is-style-primary\"><a class=\"wp-block-button__link has-background wp-element-button\" href=\"https:\/\/api.whatsapp.com\/send?phone=5491159824369&amp;text=Quiero%20comprar%20la%20Asistencia%20Pr%C3%A1ctica%20Previsional%20Avanzado\" style=\"background-color:#f79c48\">Comprar<\/a><\/div>\n<\/div>\n<\/div>\n<\/div><\/section>\n","protected":false},"excerpt":{"rendered":"<p>El derecho previsional es una rama enriquecedora que vale la pena ejercer. Lo interesante es que muchos profesionales se abocan a ense\u00f1ar esta \u00e1rea a<span class=\"excerpt-fade\"><\/span><\/p>\n","protected":false},"author":1,"featured_media":0,"parent":0,"menu_order":0,"comment_status":"closed","ping_status":"closed","template":"","meta":{"_themeisle_gutenberg_block_has_review":false,"_ti_tpc_template_sync":false,"_ti_tpc_template_id":"","footnotes":""},"class_list":["post-1226","page","type-page","status-publish","hentry"],"_links":{"self":[{"href":"https:\/\/sapra.org\/index.php\/wp-json\/wp\/v2\/pages\/1226","targetHints":{"allow":["GET"]}}],"collection":[{"href":"https:\/\/sapra.org\/index.php\/wp-json\/wp\/v2\/pages"}],"about":[{"href":"https:\/\/sapra.org\/index.php\/wp-json\/wp\/v2\/types\/page"}],"author":[{"embeddable":true,"href":"https:\/\/sapra.org\/index.php\/wp-json\/wp\/v2\/users\/1"}],"replies":[{"embeddable":true,"href":"https:\/\/sapra.org\/index.php\/wp-json\/wp\/v2\/comments?post=1226"}],"version-history":[{"count":18,"href":"https:\/\/sapra.org\/index.php\/wp-json\/wp\/v2\/pages\/1226\/revisions"}],"predecessor-version":[{"id":1838,"href":"https:\/\/sapra.org\/index.php\/wp-json\/wp\/v2\/pages\/1226\/revisions\/1838"}],"wp:attachment":[{"href":"https:\/\/sapra.org\/index.php\/wp-json\/wp\/v2\/media?parent=1226"}],"curies":[{"name":"wp","href":"https:\/\/api.w.org\/{rel}","templated":true}]}}