{"id":104,"date":"2024-05-07T18:26:30","date_gmt":"2024-05-07T21:26:30","guid":{"rendered":"https:\/\/sapra.org\/?page_id=104"},"modified":"2025-11-13T12:14:56","modified_gmt":"2025-11-13T15:14:56","slug":"alquiler-de-despachos","status":"publish","type":"page","link":"https:\/\/sapra.org\/index.php\/alquiler-de-despachos\/","title":{"rendered":"DESPACHOS"},"content":{"rendered":"\n<h2 class=\"wp-block-heading has-text-align-center has-headings-color has-luminous-dusk-gradient-background has-text-color has-background has-link-color has-large-font-size wp-elements-fc1747dedfc1f06a6d037b2837151d3d\" style=\"font-style:normal;font-weight:700\"><a href=\"https:\/\/sapra.org\/index.php\/servicios\/\" data-type=\"page\" data-id=\"82\">ALQUILER DE DESPACHOS<\/a><\/h2>\n\n\n\n<h3 class=\"wp-block-heading has-text-align-center has-sitebg-background-color has-text-color has-background has-link-color has-large-font-size wp-elements-fc1426b738b84d834ef91b52e65d365c\" style=\"color:#ec0b0b\">Incentivo de crecimiento econ\u00f3mico<\/h3>\n\n\n\n<p class=\"has-text-align-left has-headings-color has-text-color has-link-color wp-elements-c01c541188969872c7c4427ad96dd0fa\">Con la modernizaci\u00f3n y el desenfreno de la Inteligencia Artificial, se cree que ya no necesitamos algun despacho para la recepci\u00f3n de clientes. <\/p>\n\n\n\n<p class=\"has-text-align-center has-headings-color has-text-color has-link-color has-normal-font-size wp-elements-08da2b14ddb6483fa06cd7c9d4464259\">Sin embargo, a\u00fan hoy existen muchos profesionales que al incertarse en el mercado laboral, no pueden acceder a un despacho propio.<\/p>\n\n\n\n<p class=\"has-text-align-center has-headings-color has-text-color has-link-color has-normal-font-size wp-elements-a5eabadde5551bfe515ba8a8ac846791\">Nuestra propuesta es para las dos partes, el que posee el estudio y aquel que busca un lugar fisico. <\/p>\n\n\n\n<p class=\"has-text-align-center has-headings-color has-text-color has-link-color has-normal-font-size wp-elements-17a4acc2958c9bf83ff160712ddcc677\">Los requisitos de alquiler, los servicios que brinda y la modalidad de uso, ser\u00e1 acordado directamente con el profesional que haya dispuesto la publicaci\u00f3n de su despacho.<\/p>\n\n\n\n<p class=\"has-text-align-center has-text-color has-link-color has-medium-font-size wp-elements-bdc3f73bdad67c83d53b90bfe78c6011\" style=\"color:#d307f7\">\u00abConvocatoria Abierta: A todos aquellos Estudios Jur\u00eddicos que quieran proporcionar sus despachos en este espacio, podr\u00e1n contactarse con nosotros a trav\u00e9s de nuestro correo electr\u00f3nico\u00bb.<\/p>\n\n\n\n<hr class=\"wp-block-separator has-alpha-channel-opacity\"\/>\n\n\n\n<p class=\"has-text-align-center has-headings-color has-text-color has-link-color wp-elements-0c2f01603b3a29be8929e02d9bf358bb\"><strong>ZONA CABA<\/strong><\/p>\n\n\n\n<div class=\"wp-block-media-text is-stacked-on-mobile\"><figure class=\"wp-block-media-text__media\"><img loading=\"lazy\" decoding=\"async\" width=\"687\" height=\"1024\" src=\"https:\/\/sapra.org\/wp-content\/uploads\/2024\/09\/despacho-legal-687x1024.jpg\" alt=\"\" class=\"wp-image-387 size-full\" srcset=\"https:\/\/sapra.org\/wp-content\/uploads\/2024\/09\/despacho-legal-687x1024.jpg 687w, https:\/\/sapra.org\/wp-content\/uploads\/2024\/09\/despacho-legal-201x300.jpg 201w, https:\/\/sapra.org\/wp-content\/uploads\/2024\/09\/despacho-legal-768x1144.jpg 768w, https:\/\/sapra.org\/wp-content\/uploads\/2024\/09\/despacho-legal-1031x1536.jpg 1031w, https:\/\/sapra.org\/wp-content\/uploads\/2024\/09\/despacho-legal.jpg 1080w\" sizes=\"auto, (max-width: 687px) 100vw, 687px\" \/><\/figure><div class=\"wp-block-media-text__content\">\n<p class=\"has-headings-color has-text-color has-link-color wp-elements-e20e929cd2e64a659e90783e84b2137c\">Consultar por oficinas de su preferencia.<\/p>\n\n\n\n<p class=\"has-headings-color has-text-color has-link-color wp-elements-f10977bd05d338b6aebe51b4e785de0d\">Dra. Cristina Alfonso Cardozo<\/p>\n<\/div><\/div>\n","protected":false},"excerpt":{"rendered":"<p>ALQUILER DE DESPACHOS Incentivo de crecimiento econ\u00f3mico Con la modernizaci\u00f3n y el desenfreno de la Inteligencia Artificial, se cree que ya no necesitamos algun despacho<span class=\"excerpt-fade\"><\/span><\/p>\n","protected":false},"author":1,"featured_media":0,"parent":0,"menu_order":0,"comment_status":"closed","ping_status":"closed","template":"","meta":{"_themeisle_gutenberg_block_has_review":false,"_ti_tpc_template_sync":false,"_ti_tpc_template_id":"","footnotes":""},"class_list":["post-104","page","type-page","status-publish","hentry"],"_links":{"self":[{"href":"https:\/\/sapra.org\/index.php\/wp-json\/wp\/v2\/pages\/104","targetHints":{"allow":["GET"]}}],"collection":[{"href":"https:\/\/sapra.org\/index.php\/wp-json\/wp\/v2\/pages"}],"about":[{"href":"https:\/\/sapra.org\/index.php\/wp-json\/wp\/v2\/types\/page"}],"author":[{"embeddable":true,"href":"https:\/\/sapra.org\/index.php\/wp-json\/wp\/v2\/users\/1"}],"replies":[{"embeddable":true,"href":"https:\/\/sapra.org\/index.php\/wp-json\/wp\/v2\/comments?post=104"}],"version-history":[{"count":13,"href":"https:\/\/sapra.org\/index.php\/wp-json\/wp\/v2\/pages\/104\/revisions"}],"predecessor-version":[{"id":1568,"href":"https:\/\/sapra.org\/index.php\/wp-json\/wp\/v2\/pages\/104\/revisions\/1568"}],"wp:attachment":[{"href":"https:\/\/sapra.org\/index.php\/wp-json\/wp\/v2\/media?parent=104"}],"curies":[{"name":"wp","href":"https:\/\/api.w.org\/{rel}","templated":true}]}}